{"id":10040,"date":"2025-02-19T04:15:49","date_gmt":"2025-02-19T04:15:49","guid":{"rendered":"https:\/\/www.codar.cl\/index\/?page_id=10040"},"modified":"2025-09-12T14:58:31","modified_gmt":"2025-09-12T14:58:31","slug":"deportes","status":"publish","type":"page","link":"https:\/\/www.codar.cl\/index\/deportes\/","title":{"rendered":"Deportes"},"content":{"rendered":"\t\t<div data-elementor-type=\"wp-page\" data-elementor-id=\"10040\" class=\"elementor elementor-10040\">\n\t\t\t\t<div class=\"elementor-element elementor-element-155df37 e-flex e-con-boxed e-con e-parent\" data-id=\"155df37\" data-element_type=\"container\" data-e-type=\"container\">\n\t\t\t\t\t<div class=\"e-con-inner\">\n\t\t<div class=\"elementor-element elementor-element-d9f5fd6 e-con-full e-flex e-con e-child\" data-id=\"d9f5fd6\" data-element_type=\"container\" data-e-type=\"container\">\n\t\t\t\t<div class=\"elementor-element elementor-element-14d256a elementor-widget elementor-widget-wp-widget-nav_menu\" data-id=\"14d256a\" data-element_type=\"widget\" data-e-type=\"widget\" data-widget_type=\"wp-widget-nav_menu.default\">\n\t\t\t\t<div class=\"elementor-widget-container\">\n\t\t\t\t\t<div class=\"menu-menu_landig-container\"><ul id=\"menu-menu_landig\" class=\"menu\"><li id=\"menu-item-10742\" class=\"menu-item menu-item-type-post_type menu-item-object-page menu-item-10742\"><a href=\"https:\/\/www.codar.cl\/index\/modaybelleza\/\">Moda y Belleza<\/a><\/li>\n<li id=\"menu-item-10741\" class=\"menu-item menu-item-type-post_type menu-item-object-page menu-item-10741\"><a href=\"https:\/\/www.codar.cl\/index\/salud\/\">Salud<\/a><\/li>\n<li id=\"menu-item-10739\" class=\"menu-item menu-item-type-post_type menu-item-object-page menu-item-10739\"><a href=\"https:\/\/www.codar.cl\/index\/hoteles\/\">Hoteles<\/a><\/li>\n<li id=\"menu-item-10740\" class=\"menu-item menu-item-type-post_type menu-item-object-page menu-item-10740\"><a href=\"https:\/\/www.codar.cl\/index\/gastronomia\/\">Gastronom\u00eda<\/a><\/li>\n<li id=\"menu-item-12888\" class=\"menu-item menu-item-type-post_type menu-item-object-page menu-item-12888\"><a href=\"https:\/\/www.codar.cl\/index\/deportes\/\">Deportes<\/a><\/li>\n<li id=\"menu-item-12636\" class=\"menu-item menu-item-type-post_type menu-item-object-page menu-item-12636\"><a href=\"https:\/\/www.codar.cl\/index\/mascotas\/\">Mascotas<\/a><\/li>\n<li id=\"menu-item-13184\" class=\"menu-item menu-item-type-post_type menu-item-object-page menu-item-13184\"><a href=\"https:\/\/www.codar.cl\/index\/decoracion\/\">Dise\u00f1o y Decoraci\u00f3n<\/a><\/li>\n<li id=\"menu-item-12350\" class=\"menu-item menu-item-type-custom menu-item-object-custom menu-item-12350\"><a href=\"https:\/\/www.codar.cl\/index\/servicios\/\">Servicios<\/a><\/li>\n<\/ul><\/div>\t\t\t\t<\/div>\n\t\t\t\t<\/div>\n\t\t\t\t<\/div>\n\t\t<div class=\"elementor-element elementor-element-b15922f e-con-full e-flex e-con e-child\" data-id=\"b15922f\" data-element_type=\"container\" data-e-type=\"container\">\n\t\t\t\t<div class=\"elementor-element elementor-element-f67c75d title_position_default title_hover_border_default title-default img_hover_animation_default readmore-btn-default-style grid-hover-overlay-type-always tpg-el-box-border-enable tpg-border-bottom-disable elementor-widget elementor-widget-tpg-grid-layout\" data-id=\"f67c75d\" data-element_type=\"widget\" data-e-type=\"widget\" data-widget_type=\"tpg-grid-layout.default\">\n\t\t\t\t<div class=\"elementor-widget-container\">\n\t\t\t\t\t\t\t<div class=\"rt-container-fluid rt-tpg-container tpg-el-main-wrapper clearfix grid-layout1-main \"\n\t\t\t id=\"rt-tpg-container-4170964257\"\n\t\t\t data-layout=\"grid-layout1\"\n\t\t\t data-grid-style=\"tpg-full-height\"\n\t\t\t data-sc-id=\"elementor\"\n\t\t\t data-el-settings=''\n\t\t\t data-el-query=''\n\t\t\t data-el-path=''\n\t\t>\n\t\t\t\t\t\t<div class='tpg-header-wrapper '>\n\t\t\t\t\t\t\t<\/div>\n\n\t\t\t<div data-title=\"Loading ...\" class=\"rt-row rt-content-loader grid-layout1 grid-behaviour tpg-full-height grid_layout_wrapper\">\n\t\t\t\t<div class=\"rt-col-md-4 rt-col-sm-6 rt-col-xs-12 default rt-grid-item post-14150 post type-post status-publish format-standard has-post-thumbnail hentry category-deporte\"        data-id=\"14150\">\n    <div class=\"rt-holder tpg-post-holder \">\n        <div class=\"rt-detail rt-el-content-wrapper\">\n\t\t\t                <div class=\"rt-img-holder tpg-el-image-wrap has-thumbnail\">\n\t\t\t\t\t<a href=\"https:\/\/www.codar.cl\/index\/winner-sport\/\" class=\"tpg-post-link\" target=\"_self\">                        <img fetchpriority=\"high\" decoding=\"async\" src=\"https:\/\/www.codar.cl\/index\/wp-content\/uploads\/2025\/12\/the-post-grid-id10011-title-1-1-768x768.png\"\n                             class=\"rt-img-responsive\"\n                             width=\"474\"\n                             height=\"474\"\n                             alt=\"WINNER SPORT\">\n\t\t\t\t\t\t\n\t\t\t\t\t\t\t\n\t\t<\/a>\n\t\t        <div class=\"overlay grid-hover-content\"><\/div>\n\t\t                <\/div>\n\t\t\t\n\t\t\t<div class=\"entry-title-wrapper\"><h3 class=\"entry-title\"><a href=\"https:\/\/www.codar.cl\/index\/winner-sport\/\" class=\"tpg-post-link\" target=\"_self\">WINNER SPORT<\/a><\/h3><\/div>\n\t\t\t\n\n\t\t\t                <div class=\"tpg-excerpt tpg-el-excerpt\">\n\t\t\t\t\t                        <div class=\"tpg-excerpt-inner\">\n\t\t\t\t\t\t\t10% de descuento en todos los productos de lunes a jueves (no feriados), no se aplica sobre promociones.Tenemos todo lo que necesitas para practicar tu deporte favorito, Caza y Pesca. S\u00edguenosAv...                        <\/div>\n\t\t\t\t\t\t\t\t\t\t                <\/div>\n\t\t\t\n\t\t\t        <div class=\"post-footer\">\n            <div class=\"post-footer\">\n                <div class=\"read-more\">\n\t\t\t\t\t<a data-id=\"14150\" href=\"https:\/\/www.codar.cl\/index\/winner-sport\/\" class=\"tpg-post-link\" target=\"_self\">Read More<\/a>                <\/div>\n            <\/div>\n        <\/div>\n\t\t        <\/div>\n    <\/div>\n<\/div>\n<div class=\"rt-col-md-4 rt-col-sm-6 rt-col-xs-12 default rt-grid-item post-12796 post type-post status-publish format-standard has-post-thumbnail hentry category-deporte\"        data-id=\"12796\">\n    <div class=\"rt-holder tpg-post-holder \">\n        <div class=\"rt-detail rt-el-content-wrapper\">\n\t\t\t                <div class=\"rt-img-holder tpg-el-image-wrap has-thumbnail\">\n\t\t\t\t\t<a href=\"https:\/\/www.codar.cl\/index\/club-alto-los-pinos\/\" class=\"tpg-post-link\" target=\"_self\">                        <img decoding=\"async\" src=\"https:\/\/www.codar.cl\/index\/wp-content\/uploads\/2025\/09\/the-post-grid-id10011-title-3-1-768x768.png\"\n                             class=\"rt-img-responsive\"\n                             width=\"474\"\n                             height=\"474\"\n                             alt=\"CLUB ALTO LOS PINOS\">\n\t\t\t\t\t\t\n\t\t\t\t\t\t\t\n\t\t<\/a>\n\t\t        <div class=\"overlay grid-hover-content\"><\/div>\n\t\t                <\/div>\n\t\t\t\n\t\t\t<div class=\"entry-title-wrapper\"><h3 class=\"entry-title\"><a href=\"https:\/\/www.codar.cl\/index\/club-alto-los-pinos\/\" class=\"tpg-post-link\" target=\"_self\">CLUB ALTO LOS PINOS<\/a><\/h3><\/div>\n\t\t\t\n\n\t\t\t                <div class=\"tpg-excerpt tpg-el-excerpt\">\n\t\t\t\t\t                        <div class=\"tpg-excerpt-inner\">\n\t\t\t\t\t\t\t10% de descuento.Canchas de p\u00e1del techadasCanchas de futbolitoGimnasio SynergyCentro kinesiol\u00f3gico IkosEstudio Sunrise: yoga y pilatesEstudio Giro Cycle: indoor cyclingExperiencia domo - organizaci\u00f3n...                        <\/div>\n\t\t\t\t\t\t\t\t\t\t                <\/div>\n\t\t\t\n\t\t\t        <div class=\"post-footer\">\n            <div class=\"post-footer\">\n                <div class=\"read-more\">\n\t\t\t\t\t<a data-id=\"12796\" href=\"https:\/\/www.codar.cl\/index\/club-alto-los-pinos\/\" class=\"tpg-post-link\" target=\"_self\">Read More<\/a>                <\/div>\n            <\/div>\n        <\/div>\n\t\t        <\/div>\n    <\/div>\n<\/div>\n\t\t\t<\/div>\n\t\t\t\n\t\t<\/div>\n\t\t\t\t\t\t<\/div>\n\t\t\t\t<\/div>\n\t\t\t\t<\/div>\n\t\t\t\t\t<\/div>\n\t\t\t\t<\/div>\n\t\t<div class=\"elementor-element elementor-element-a771381 e-flex e-con-boxed e-con e-parent\" data-id=\"a771381\" data-element_type=\"container\" data-e-type=\"container\">\n\t\t\t\t\t<div class=\"e-con-inner\">\n\t\t\t\t\t<\/div>\n\t\t\t\t<\/div>\n\t\t\t\t<\/div>\n\t\t","protected":false},"excerpt":{"rendered":"<p>CLUB ALTO LOS PINOS 10% de descuento.Canchas de p\u00e1del techadasCanchas de futbolitoGimnasio SynergyCentro kinesiol\u00f3gico IkosEstudio Sunrise: yoga y pilatesEstudio Giro Cycle: indoor cyclingTienda deportiva&#8230; Read More<\/p>\n","protected":false},"author":1,"featured_media":0,"parent":0,"menu_order":0,"comment_status":"closed","ping_status":"closed","template":"elementor_header_footer","meta":{"footnotes":""},"class_list":["post-10040","page","type-page","status-publish","hentry","has-post-thumbnail"],"rttpg_featured_image_url":null,"rttpg_author":{"display_name":"Codar","author_link":"https:\/\/www.codar.cl\/index\/author\/borrar\/"},"rttpg_comment":0,"rttpg_category":"","rttpg_excerpt":"CLUB ALTO LOS PINOS 10% de descuento.Canchas de p\u00e1del techadasCanchas de futbolitoGimnasio SynergyCentro kinesiol\u00f3gico IkosEstudio Sunrise: yoga y pilatesEstudio Giro Cycle: indoor cyclingTienda deportiva&#8230; Read More","_links":{"self":[{"href":"https:\/\/www.codar.cl\/index\/wp-json\/wp\/v2\/pages\/10040","targetHints":{"allow":["GET"]}}],"collection":[{"href":"https:\/\/www.codar.cl\/index\/wp-json\/wp\/v2\/pages"}],"about":[{"href":"https:\/\/www.codar.cl\/index\/wp-json\/wp\/v2\/types\/page"}],"author":[{"embeddable":true,"href":"https:\/\/www.codar.cl\/index\/wp-json\/wp\/v2\/users\/1"}],"replies":[{"embeddable":true,"href":"https:\/\/www.codar.cl\/index\/wp-json\/wp\/v2\/comments?post=10040"}],"version-history":[{"count":10,"href":"https:\/\/www.codar.cl\/index\/wp-json\/wp\/v2\/pages\/10040\/revisions"}],"predecessor-version":[{"id":12880,"href":"https:\/\/www.codar.cl\/index\/wp-json\/wp\/v2\/pages\/10040\/revisions\/12880"}],"wp:attachment":[{"href":"https:\/\/www.codar.cl\/index\/wp-json\/wp\/v2\/media?parent=10040"}],"curies":[{"name":"wp","href":"https:\/\/api.w.org\/{rel}","templated":true}]}}