{"id":10151,"date":"2025-02-19T16:10:17","date_gmt":"2025-02-19T16:10:17","guid":{"rendered":"https:\/\/www.codar.cl\/index\/?page_id=10151"},"modified":"2025-10-16T13:17:39","modified_gmt":"2025-10-16T13:17:39","slug":"firma-de-convenios","status":"publish","type":"page","link":"https:\/\/www.codar.cl\/index\/firma-de-convenios\/","title":{"rendered":"Firma de Convenios"},"content":{"rendered":"\t\t<div data-elementor-type=\"wp-page\" data-elementor-id=\"10151\" class=\"elementor elementor-10151\">\n\t\t\t\t<div class=\"elementor-element elementor-element-7c61263 e-flex e-con-boxed e-con e-parent\" data-id=\"7c61263\" data-element_type=\"container\" data-e-type=\"container\">\n\t\t\t\t\t<div class=\"e-con-inner\">\n\t\t\t\t<div class=\"elementor-element elementor-element-d79c4bf elementor-widget elementor-widget-spacer\" data-id=\"d79c4bf\" data-element_type=\"widget\" data-e-type=\"widget\" data-widget_type=\"spacer.default\">\n\t\t\t\t<div class=\"elementor-widget-container\">\n\t\t\t\t\t\t\t<div class=\"elementor-spacer\">\n\t\t\t<div class=\"elementor-spacer-inner\"><\/div>\n\t\t<\/div>\n\t\t\t\t\t\t<\/div>\n\t\t\t\t<\/div>\n\t\t\t\t\t<\/div>\n\t\t\t\t<\/div>\n\t\t<div class=\"elementor-element elementor-element-b3e248c e-flex e-con-boxed e-con e-parent\" data-id=\"b3e248c\" data-element_type=\"container\" data-e-type=\"container\">\n\t\t\t\t\t<div class=\"e-con-inner\">\n\t\t\t\t<div class=\"elementor-element elementor-element-2de74b2 elementor-widget elementor-widget-heading\" data-id=\"2de74b2\" data-element_type=\"widget\" data-e-type=\"widget\" data-widget_type=\"heading.default\">\n\t\t\t\t<div class=\"elementor-widget-container\">\n\t\t\t\t\t<h2 class=\"elementor-heading-title elementor-size-default\">Firma de Convenio<\/h2>\t\t\t\t<\/div>\n\t\t\t\t<\/div>\n\t\t\t\t\t<\/div>\n\t\t\t\t<\/div>\n\t\t<div class=\"elementor-element elementor-element-0f26603 e-flex e-con-boxed e-con e-parent\" data-id=\"0f26603\" data-element_type=\"container\" data-e-type=\"container\">\n\t\t\t\t\t<div class=\"e-con-inner\">\n\t\t<div class=\"elementor-element elementor-element-6762184 e-con-full e-flex e-con e-child\" data-id=\"6762184\" data-element_type=\"container\" data-e-type=\"container\">\n\t\t\t\t<div class=\"elementor-element elementor-element-4ab9717 elementor-widget elementor-widget-heading\" data-id=\"4ab9717\" data-element_type=\"widget\" data-e-type=\"widget\" data-widget_type=\"heading.default\">\n\t\t\t\t<div class=\"elementor-widget-container\">\n\t\t\t\t\t<h2 class=\"elementor-heading-title elementor-size-default\">Brigada Sargento Aldea<\/h2>\t\t\t\t<\/div>\n\t\t\t\t<\/div>\n\t\t\t\t<div class=\"elementor-element elementor-element-9c1db5e elementor-widget elementor-widget-heading\" data-id=\"9c1db5e\" data-element_type=\"widget\" data-e-type=\"widget\" data-widget_type=\"heading.default\">\n\t\t\t\t<div class=\"elementor-widget-container\">\n\t\t\t\t\t<h2 class=\"elementor-heading-title elementor-size-default\">Se firma convenio en marzo del 2024 con\nel fin de elaborar un plan que, en una primera etapa, permiti\u00f3 identificar las principales zonas de\nriesgo de incendios forestales que existen en Re\u00f1aca.<\/h2>\t\t\t\t<\/div>\n\t\t\t\t<\/div>\n\t\t\t\t<\/div>\n\t\t<div class=\"elementor-element elementor-element-3c27598 e-con-full e-flex e-con e-child\" data-id=\"3c27598\" data-element_type=\"container\" data-e-type=\"container\">\n\t\t\t\t<div class=\"elementor-element elementor-element-82a6fa4 elementor-widget elementor-widget-image\" data-id=\"82a6fa4\" data-element_type=\"widget\" data-e-type=\"widget\" data-widget_type=\"image.default\">\n\t\t\t\t<div class=\"elementor-widget-container\">\n\t\t\t\t\t\t\t\t\t\t\t\t\t\t\t<img fetchpriority=\"high\" decoding=\"async\" width=\"680\" height=\"453\" src=\"https:\/\/www.codar.cl\/index\/wp-content\/uploads\/2025\/02\/brigada-convenio.jpg\" class=\"attachment-large size-large wp-image-9922\" alt=\"\" srcset=\"https:\/\/www.codar.cl\/index\/wp-content\/uploads\/2025\/02\/brigada-convenio.jpg 680w, https:\/\/www.codar.cl\/index\/wp-content\/uploads\/2025\/02\/brigada-convenio-300x200.jpg 300w, https:\/\/www.codar.cl\/index\/wp-content\/uploads\/2025\/02\/brigada-convenio-345x230.jpg 345w, https:\/\/www.codar.cl\/index\/wp-content\/uploads\/2025\/02\/brigada-convenio-370x247.jpg 370w, https:\/\/www.codar.cl\/index\/wp-content\/uploads\/2025\/02\/brigada-convenio-440x294.jpg 440w, https:\/\/www.codar.cl\/index\/wp-content\/uploads\/2025\/02\/brigada-convenio-570x380.jpg 570w, https:\/\/www.codar.cl\/index\/wp-content\/uploads\/2025\/02\/brigada-convenio-170x113.jpg 170w\" sizes=\"(max-width: 474px) 100vw, 474px\" \/>\t\t\t\t\t\t\t\t\t\t\t\t\t\t\t<\/div>\n\t\t\t\t<\/div>\n\t\t\t\t<\/div>\n\t\t\t\t\t<\/div>\n\t\t\t\t<\/div>\n\t\t<div class=\"elementor-element elementor-element-e1c01ec e-flex e-con-boxed e-con e-parent\" data-id=\"e1c01ec\" data-element_type=\"container\" data-e-type=\"container\" data-settings=\"{&quot;background_background&quot;:&quot;classic&quot;}\">\n\t\t\t\t\t<div class=\"e-con-inner\">\n\t\t<div class=\"elementor-element elementor-element-783000b e-con-full e-flex e-con e-child\" data-id=\"783000b\" data-element_type=\"container\" data-e-type=\"container\">\n\t\t\t\t<div class=\"elementor-element elementor-element-2c15276 elementor-widget elementor-widget-image\" data-id=\"2c15276\" data-element_type=\"widget\" data-e-type=\"widget\" data-widget_type=\"image.default\">\n\t\t\t\t<div class=\"elementor-widget-container\">\n\t\t\t\t\t\t\t\t\t\t\t\t\t\t\t<img decoding=\"async\" src=\"https:\/\/www.codar.cl\/index\/wp-content\/plugins\/elementor\/assets\/images\/placeholder.png\" alt=\"\" \/>\t\t\t\t\t\t\t\t\t\t\t\t\t\t\t<\/div>\n\t\t\t\t<\/div>\n\t\t\t\t<\/div>\n\t\t<div class=\"elementor-element elementor-element-2126fae e-con-full e-flex e-con e-child\" data-id=\"2126fae\" data-element_type=\"container\" data-e-type=\"container\">\n\t\t\t\t<div class=\"elementor-element elementor-element-42dbbd5 elementor-widget elementor-widget-heading\" data-id=\"42dbbd5\" data-element_type=\"widget\" data-e-type=\"widget\" data-widget_type=\"heading.default\">\n\t\t\t\t<div class=\"elementor-widget-container\">\n\t\t\t\t\t<h2 class=\"elementor-heading-title elementor-size-default\">Comit\u00e9 de Seguridad Vecinal OCEANO<\/h2>\t\t\t\t<\/div>\n\t\t\t\t<\/div>\n\t\t\t\t<div class=\"elementor-element elementor-element-4866028 elementor-widget elementor-widget-heading\" data-id=\"4866028\" data-element_type=\"widget\" data-e-type=\"widget\" data-widget_type=\"heading.default\">\n\t\t\t\t<div class=\"elementor-widget-container\">\n\t\t\t\t\t<h2 class=\"elementor-heading-title elementor-size-default\">Dentro del marco de los Fondos del 7% del\nGobierno Regional que se adjudic\u00f3 el COVE Oc\u00e9ano para la implementaci\u00f3n de\nc\u00e1maras de seguridad, la organizaci\u00f3n firm\u00f3 un convenio de cooperaci\u00f3n con la\nJunta de Vecinos de Jard\u00edn del Mar.<\/h2>\t\t\t\t<\/div>\n\t\t\t\t<\/div>\n\t\t\t\t<\/div>\n\t\t\t\t\t<\/div>\n\t\t\t\t<\/div>\n\t\t<div class=\"elementor-element elementor-element-f56dc2d e-flex e-con-boxed e-con e-parent\" data-id=\"f56dc2d\" data-element_type=\"container\" data-e-type=\"container\">\n\t\t\t\t\t<div class=\"e-con-inner\">\n\t\t<div class=\"elementor-element elementor-element-24fe4b4 e-con-full e-flex e-con e-child\" data-id=\"24fe4b4\" data-element_type=\"container\" data-e-type=\"container\">\n\t\t\t\t<div class=\"elementor-element elementor-element-04cb2fa elementor-widget elementor-widget-heading\" data-id=\"04cb2fa\" data-element_type=\"widget\" data-e-type=\"widget\" data-widget_type=\"heading.default\">\n\t\t\t\t<div class=\"elementor-widget-container\">\n\t\t\t\t\t<h2 class=\"elementor-heading-title elementor-size-default\">Agrupaci\u00f3n Barrio Re\u00f1aca<\/h2>\t\t\t\t<\/div>\n\t\t\t\t<\/div>\n\t\t\t\t<div class=\"elementor-element elementor-element-10b0458 elementor-widget elementor-widget-heading\" data-id=\"10b0458\" data-element_type=\"widget\" data-e-type=\"widget\" data-widget_type=\"heading.default\">\n\t\t\t\t<div class=\"elementor-widget-container\">\n\t\t\t\t\t<h2 class=\"elementor-heading-title elementor-size-default\">Se firma convenio en enero del 2023,\nproducto de lo cual se brinda apoyo en difusi\u00f3n y organizaci\u00f3n de\nde sus actividades.<\/h2>\t\t\t\t<\/div>\n\t\t\t\t<\/div>\n\t\t\t\t<\/div>\n\t\t<div class=\"elementor-element elementor-element-a9e47f3 e-con-full e-flex e-con e-child\" data-id=\"a9e47f3\" data-element_type=\"container\" data-e-type=\"container\">\n\t\t\t\t<div class=\"elementor-element elementor-element-fb53688 elementor-widget elementor-widget-image\" data-id=\"fb53688\" data-element_type=\"widget\" data-e-type=\"widget\" data-widget_type=\"image.default\">\n\t\t\t\t<div class=\"elementor-widget-container\">\n\t\t\t\t\t\t\t\t\t\t\t\t\t\t\t<img decoding=\"async\" width=\"680\" height=\"453\" src=\"https:\/\/www.codar.cl\/index\/wp-content\/uploads\/2025\/02\/barrio-renaca.jpg\" class=\"attachment-large size-large wp-image-9918\" alt=\"\" srcset=\"https:\/\/www.codar.cl\/index\/wp-content\/uploads\/2025\/02\/barrio-renaca.jpg 680w, https:\/\/www.codar.cl\/index\/wp-content\/uploads\/2025\/02\/barrio-renaca-300x200.jpg 300w, https:\/\/www.codar.cl\/index\/wp-content\/uploads\/2025\/02\/barrio-renaca-345x230.jpg 345w, https:\/\/www.codar.cl\/index\/wp-content\/uploads\/2025\/02\/barrio-renaca-370x247.jpg 370w, https:\/\/www.codar.cl\/index\/wp-content\/uploads\/2025\/02\/barrio-renaca-440x294.jpg 440w, https:\/\/www.codar.cl\/index\/wp-content\/uploads\/2025\/02\/barrio-renaca-570x380.jpg 570w, https:\/\/www.codar.cl\/index\/wp-content\/uploads\/2025\/02\/barrio-renaca-170x113.jpg 170w\" sizes=\"(max-width: 474px) 100vw, 474px\" \/>\t\t\t\t\t\t\t\t\t\t\t\t\t\t\t<\/div>\n\t\t\t\t<\/div>\n\t\t\t\t<\/div>\n\t\t\t\t\t<\/div>\n\t\t\t\t<\/div>\n\t\t<div class=\"elementor-element elementor-element-8bf9417 e-flex e-con-boxed e-con e-parent\" data-id=\"8bf9417\" data-element_type=\"container\" data-e-type=\"container\" data-settings=\"{&quot;background_background&quot;:&quot;classic&quot;}\">\n\t\t\t\t\t<div class=\"e-con-inner\">\n\t\t<div class=\"elementor-element elementor-element-d7bab0f e-con-full e-flex e-con e-child\" data-id=\"d7bab0f\" data-element_type=\"container\" data-e-type=\"container\">\n\t\t\t\t<div class=\"elementor-element elementor-element-f336055 elementor-widget elementor-widget-image\" data-id=\"f336055\" data-element_type=\"widget\" data-e-type=\"widget\" data-widget_type=\"image.default\">\n\t\t\t\t<div class=\"elementor-widget-container\">\n\t\t\t\t\t\t\t\t\t\t\t\t\t\t\t<img decoding=\"async\" width=\"680\" height=\"453\" src=\"https:\/\/www.codar.cl\/index\/wp-content\/uploads\/2025\/02\/convenio-mujer.jpg\" class=\"attachment-large size-large wp-image-9916\" alt=\"\" srcset=\"https:\/\/www.codar.cl\/index\/wp-content\/uploads\/2025\/02\/convenio-mujer.jpg 680w, https:\/\/www.codar.cl\/index\/wp-content\/uploads\/2025\/02\/convenio-mujer-300x200.jpg 300w, https:\/\/www.codar.cl\/index\/wp-content\/uploads\/2025\/02\/convenio-mujer-345x230.jpg 345w, https:\/\/www.codar.cl\/index\/wp-content\/uploads\/2025\/02\/convenio-mujer-370x247.jpg 370w, https:\/\/www.codar.cl\/index\/wp-content\/uploads\/2025\/02\/convenio-mujer-440x294.jpg 440w, https:\/\/www.codar.cl\/index\/wp-content\/uploads\/2025\/02\/convenio-mujer-570x380.jpg 570w, https:\/\/www.codar.cl\/index\/wp-content\/uploads\/2025\/02\/convenio-mujer-170x113.jpg 170w\" sizes=\"(max-width: 474px) 100vw, 474px\" \/>\t\t\t\t\t\t\t\t\t\t\t\t\t\t\t<\/div>\n\t\t\t\t<\/div>\n\t\t\t\t<\/div>\n\t\t<div class=\"elementor-element elementor-element-52d6d8e e-con-full e-flex e-con e-child\" data-id=\"52d6d8e\" data-element_type=\"container\" data-e-type=\"container\">\n\t\t\t\t<div class=\"elementor-element elementor-element-4d36536 elementor-widget elementor-widget-heading\" data-id=\"4d36536\" data-element_type=\"widget\" data-e-type=\"widget\" data-widget_type=\"heading.default\">\n\t\t\t\t<div class=\"elementor-widget-container\">\n\t\t\t\t\t<h2 class=\"elementor-heading-title elementor-size-default\">Fundaci\u00f3n Renueva Mujer<\/h2>\t\t\t\t<\/div>\n\t\t\t\t<\/div>\n\t\t\t\t<div class=\"elementor-element elementor-element-acf8261 elementor-widget elementor-widget-heading\" data-id=\"acf8261\" data-element_type=\"widget\" data-e-type=\"widget\" data-widget_type=\"heading.default\">\n\t\t\t\t<div class=\"elementor-widget-container\">\n\t\t\t\t\t<h2 class=\"elementor-heading-title elementor-size-default\">Se firma convenio en el 2023, producto\nde lo cual se realiz\u00f3 la primera Feria Navide\u00f1a en Re\u00f1aca\n(diciembre 2023)<\/h2>\t\t\t\t<\/div>\n\t\t\t\t<\/div>\n\t\t\t\t<\/div>\n\t\t\t\t\t<\/div>\n\t\t\t\t<\/div>\n\t\t<div class=\"elementor-element elementor-element-14d88dc e-flex e-con-boxed e-con e-parent\" data-id=\"14d88dc\" data-element_type=\"container\" data-e-type=\"container\">\n\t\t\t\t\t<div class=\"e-con-inner\">\n\t\t<div class=\"elementor-element elementor-element-fa8bf77 e-con-full e-flex e-con e-child\" data-id=\"fa8bf77\" data-element_type=\"container\" data-e-type=\"container\">\n\t\t\t\t<div class=\"elementor-element elementor-element-ab5279e elementor-widget elementor-widget-heading\" data-id=\"ab5279e\" data-element_type=\"widget\" data-e-type=\"widget\" data-widget_type=\"heading.default\">\n\t\t\t\t<div class=\"elementor-widget-container\">\n\t\t\t\t\t<h2 class=\"elementor-heading-title elementor-size-default\">Fundaci\u00f3n Skansen<\/h2>\t\t\t\t<\/div>\n\t\t\t\t<\/div>\n\t\t\t\t<div class=\"elementor-element elementor-element-328657b elementor-widget elementor-widget-heading\" data-id=\"328657b\" data-element_type=\"widget\" data-e-type=\"widget\" data-widget_type=\"heading.default\">\n\t\t\t\t<div class=\"elementor-widget-container\">\n\t\t\t\t\t<h2 class=\"elementor-heading-title elementor-size-default\">Se firma convenio en el a\u00f1o 2022, producto\nde lo cual se han realizado 9 exposiciones de diferentes tem\u00e1ticas.<\/h2>\t\t\t\t<\/div>\n\t\t\t\t<\/div>\n\t\t\t\t<\/div>\n\t\t<div class=\"elementor-element elementor-element-29275dc e-con-full e-flex e-con e-child\" data-id=\"29275dc\" data-element_type=\"container\" data-e-type=\"container\">\n\t\t\t\t<div class=\"elementor-element elementor-element-ba4f474 elementor-widget elementor-widget-image\" data-id=\"ba4f474\" data-element_type=\"widget\" data-e-type=\"widget\" data-widget_type=\"image.default\">\n\t\t\t\t<div class=\"elementor-widget-container\">\n\t\t\t\t\t\t\t\t\t\t\t\t\t\t\t<img loading=\"lazy\" decoding=\"async\" width=\"680\" height=\"453\" src=\"https:\/\/www.codar.cl\/index\/wp-content\/uploads\/2025\/02\/starken.jpg\" class=\"attachment-large size-large wp-image-9912\" alt=\"\" srcset=\"https:\/\/www.codar.cl\/index\/wp-content\/uploads\/2025\/02\/starken.jpg 680w, https:\/\/www.codar.cl\/index\/wp-content\/uploads\/2025\/02\/starken-300x200.jpg 300w, https:\/\/www.codar.cl\/index\/wp-content\/uploads\/2025\/02\/starken-345x230.jpg 345w, https:\/\/www.codar.cl\/index\/wp-content\/uploads\/2025\/02\/starken-370x247.jpg 370w, https:\/\/www.codar.cl\/index\/wp-content\/uploads\/2025\/02\/starken-440x294.jpg 440w, https:\/\/www.codar.cl\/index\/wp-content\/uploads\/2025\/02\/starken-570x380.jpg 570w, https:\/\/www.codar.cl\/index\/wp-content\/uploads\/2025\/02\/starken-170x113.jpg 170w\" sizes=\"(max-width: 474px) 100vw, 474px\" \/>\t\t\t\t\t\t\t\t\t\t\t\t\t\t\t<\/div>\n\t\t\t\t<\/div>\n\t\t\t\t<\/div>\n\t\t\t\t\t<\/div>\n\t\t\t\t<\/div>\n\t\t<div class=\"elementor-element elementor-element-4d9a84b e-flex e-con-boxed e-con e-parent\" data-id=\"4d9a84b\" data-element_type=\"container\" data-e-type=\"container\" data-settings=\"{&quot;background_background&quot;:&quot;classic&quot;}\">\n\t\t\t\t\t<div class=\"e-con-inner\">\n\t\t<div class=\"elementor-element elementor-element-b819088 e-con-full e-flex e-con e-child\" data-id=\"b819088\" data-element_type=\"container\" data-e-type=\"container\">\n\t\t\t\t<div class=\"elementor-element elementor-element-3fcf4f9 elementor-widget elementor-widget-image\" data-id=\"3fcf4f9\" data-element_type=\"widget\" data-e-type=\"widget\" data-widget_type=\"image.default\">\n\t\t\t\t<div class=\"elementor-widget-container\">\n\t\t\t\t\t\t\t\t\t\t\t\t\t\t\t<img loading=\"lazy\" decoding=\"async\" width=\"680\" height=\"453\" src=\"https:\/\/www.codar.cl\/index\/wp-content\/uploads\/2025\/02\/facultad.jpg\" class=\"attachment-large size-large wp-image-9908\" alt=\"\" srcset=\"https:\/\/www.codar.cl\/index\/wp-content\/uploads\/2025\/02\/facultad.jpg 680w, https:\/\/www.codar.cl\/index\/wp-content\/uploads\/2025\/02\/facultad-300x200.jpg 300w, https:\/\/www.codar.cl\/index\/wp-content\/uploads\/2025\/02\/facultad-345x230.jpg 345w, https:\/\/www.codar.cl\/index\/wp-content\/uploads\/2025\/02\/facultad-370x247.jpg 370w, https:\/\/www.codar.cl\/index\/wp-content\/uploads\/2025\/02\/facultad-440x294.jpg 440w, https:\/\/www.codar.cl\/index\/wp-content\/uploads\/2025\/02\/facultad-570x380.jpg 570w, https:\/\/www.codar.cl\/index\/wp-content\/uploads\/2025\/02\/facultad-170x113.jpg 170w\" sizes=\"(max-width: 474px) 100vw, 474px\" \/>\t\t\t\t\t\t\t\t\t\t\t\t\t\t\t<\/div>\n\t\t\t\t<\/div>\n\t\t\t\t<\/div>\n\t\t<div class=\"elementor-element elementor-element-a0e4264 e-con-full e-flex e-con e-child\" data-id=\"a0e4264\" data-element_type=\"container\" data-e-type=\"container\">\n\t\t\t\t<div class=\"elementor-element elementor-element-30912d7 elementor-widget elementor-widget-heading\" data-id=\"30912d7\" data-element_type=\"widget\" data-e-type=\"widget\" data-widget_type=\"heading.default\">\n\t\t\t\t<div class=\"elementor-widget-container\">\n\t\t\t\t\t<h2 class=\"elementor-heading-title elementor-size-default\">Universidad de Valpara\u00edso, Facultad de Ciencias del Mar y\nRecursos Naturales<\/h2>\t\t\t\t<\/div>\n\t\t\t\t<\/div>\n\t\t\t\t<div class=\"elementor-element elementor-element-dc52208 elementor-widget elementor-widget-heading\" data-id=\"dc52208\" data-element_type=\"widget\" data-e-type=\"widget\" data-widget_type=\"heading.default\">\n\t\t\t\t<div class=\"elementor-widget-container\">\n\t\t\t\t\t<h2 class=\"elementor-heading-title elementor-size-default\">Se firma convenio en el a\u00f1o 2022, producto\nde lo cual se han realizado 10 actividades de educaci\u00f3n ambiental,\norientadas en dar a conocer el valor de los oc\u00e9anos.<\/h2>\t\t\t\t<\/div>\n\t\t\t\t<\/div>\n\t\t\t\t<\/div>\n\t\t\t\t\t<\/div>\n\t\t\t\t<\/div>\n\t\t<div class=\"elementor-element elementor-element-3c9a396 e-flex e-con-boxed e-con e-parent\" data-id=\"3c9a396\" data-element_type=\"container\" data-e-type=\"container\">\n\t\t\t\t\t<div class=\"e-con-inner\">\n\t\t<div class=\"elementor-element elementor-element-6f1a5de e-con-full e-flex e-con e-child\" data-id=\"6f1a5de\" data-element_type=\"container\" data-e-type=\"container\">\n\t\t\t\t<div class=\"elementor-element elementor-element-0d1da69 elementor-widget elementor-widget-heading\" data-id=\"0d1da69\" data-element_type=\"widget\" data-e-type=\"widget\" data-widget_type=\"heading.default\">\n\t\t\t\t<div class=\"elementor-widget-container\">\n\t\t\t\t\t<h2 class=\"elementor-heading-title elementor-size-default\">Fundaci\u00f3n J\u00f3venes M\u00fasicos Chile<\/h2>\t\t\t\t<\/div>\n\t\t\t\t<\/div>\n\t\t\t\t<div class=\"elementor-element elementor-element-f67a908 elementor-widget elementor-widget-heading\" data-id=\"f67a908\" data-element_type=\"widget\" data-e-type=\"widget\" data-widget_type=\"heading.default\">\n\t\t\t\t<div class=\"elementor-widget-container\">\n\t\t\t\t\t<h2 class=\"elementor-heading-title elementor-size-default\">Se firma convenio en el a\u00f1o\n2022, producto de lo cual se ha realizado un total de 6 conciertos y\nse ha apoyado en el encuentro de Orquestas Juveniles.<\/h2>\t\t\t\t<\/div>\n\t\t\t\t<\/div>\n\t\t\t\t<\/div>\n\t\t<div class=\"elementor-element elementor-element-7c9405b e-con-full e-flex e-con e-child\" data-id=\"7c9405b\" data-element_type=\"container\" data-e-type=\"container\">\n\t\t\t\t<div class=\"elementor-element elementor-element-cee8a13 elementor-widget elementor-widget-image\" data-id=\"cee8a13\" data-element_type=\"widget\" data-e-type=\"widget\" data-widget_type=\"image.default\">\n\t\t\t\t<div class=\"elementor-widget-container\">\n\t\t\t\t\t\t\t\t\t\t\t\t\t\t\t<img loading=\"lazy\" decoding=\"async\" width=\"680\" height=\"453\" src=\"https:\/\/www.codar.cl\/index\/wp-content\/uploads\/2025\/02\/046.jpg\" class=\"attachment-large size-large wp-image-9900\" alt=\"\" srcset=\"https:\/\/www.codar.cl\/index\/wp-content\/uploads\/2025\/02\/046.jpg 680w, https:\/\/www.codar.cl\/index\/wp-content\/uploads\/2025\/02\/046-300x200.jpg 300w, https:\/\/www.codar.cl\/index\/wp-content\/uploads\/2025\/02\/046-345x230.jpg 345w, https:\/\/www.codar.cl\/index\/wp-content\/uploads\/2025\/02\/046-370x247.jpg 370w, https:\/\/www.codar.cl\/index\/wp-content\/uploads\/2025\/02\/046-440x294.jpg 440w, https:\/\/www.codar.cl\/index\/wp-content\/uploads\/2025\/02\/046-570x380.jpg 570w, https:\/\/www.codar.cl\/index\/wp-content\/uploads\/2025\/02\/046-170x113.jpg 170w\" sizes=\"(max-width: 474px) 100vw, 474px\" \/>\t\t\t\t\t\t\t\t\t\t\t\t\t\t\t<\/div>\n\t\t\t\t<\/div>\n\t\t\t\t<\/div>\n\t\t\t\t\t<\/div>\n\t\t\t\t<\/div>\n\t\t<div class=\"elementor-element elementor-element-254b5e0 e-flex e-con-boxed e-con e-parent\" data-id=\"254b5e0\" data-element_type=\"container\" data-e-type=\"container\" data-settings=\"{&quot;background_background&quot;:&quot;classic&quot;}\">\n\t\t\t\t\t<div class=\"e-con-inner\">\n\t\t<div class=\"elementor-element elementor-element-a442043 e-con-full e-flex e-con e-child\" data-id=\"a442043\" data-element_type=\"container\" data-e-type=\"container\">\n\t\t\t\t<div class=\"elementor-element elementor-element-b37943e elementor-widget elementor-widget-image\" data-id=\"b37943e\" data-element_type=\"widget\" data-e-type=\"widget\" data-widget_type=\"image.default\">\n\t\t\t\t<div class=\"elementor-widget-container\">\n\t\t\t\t\t\t\t\t\t\t\t\t\t\t\t<img loading=\"lazy\" decoding=\"async\" width=\"680\" height=\"453\" src=\"https:\/\/www.codar.cl\/index\/wp-content\/uploads\/2025\/02\/convenio-coro.jpg\" class=\"attachment-large size-large wp-image-9904\" alt=\"\" srcset=\"https:\/\/www.codar.cl\/index\/wp-content\/uploads\/2025\/02\/convenio-coro.jpg 680w, https:\/\/www.codar.cl\/index\/wp-content\/uploads\/2025\/02\/convenio-coro-300x200.jpg 300w, https:\/\/www.codar.cl\/index\/wp-content\/uploads\/2025\/02\/convenio-coro-345x230.jpg 345w, https:\/\/www.codar.cl\/index\/wp-content\/uploads\/2025\/02\/convenio-coro-370x247.jpg 370w, https:\/\/www.codar.cl\/index\/wp-content\/uploads\/2025\/02\/convenio-coro-440x294.jpg 440w, https:\/\/www.codar.cl\/index\/wp-content\/uploads\/2025\/02\/convenio-coro-570x380.jpg 570w, https:\/\/www.codar.cl\/index\/wp-content\/uploads\/2025\/02\/convenio-coro-170x113.jpg 170w\" sizes=\"(max-width: 474px) 100vw, 474px\" \/>\t\t\t\t\t\t\t\t\t\t\t\t\t\t\t<\/div>\n\t\t\t\t<\/div>\n\t\t\t\t<\/div>\n\t\t<div class=\"elementor-element elementor-element-5dbaadb e-con-full e-flex e-con e-child\" data-id=\"5dbaadb\" data-element_type=\"container\" data-e-type=\"container\">\n\t\t\t\t<div class=\"elementor-element elementor-element-5e8bdee elementor-widget elementor-widget-heading\" data-id=\"5e8bdee\" data-element_type=\"widget\" data-e-type=\"widget\" data-widget_type=\"heading.default\">\n\t\t\t\t<div class=\"elementor-widget-container\">\n\t\t\t\t\t<h2 class=\"elementor-heading-title elementor-size-default\">Coro Voces de Re\u00f1aca<\/h2>\t\t\t\t<\/div>\n\t\t\t\t<\/div>\n\t\t\t\t<div class=\"elementor-element elementor-element-dd60759 elementor-widget elementor-widget-heading\" data-id=\"dd60759\" data-element_type=\"widget\" data-e-type=\"widget\" data-widget_type=\"heading.default\">\n\t\t\t\t<div class=\"elementor-widget-container\">\n\t\t\t\t\t<h2 class=\"elementor-heading-title elementor-size-default\">Desde el 2018 y producto de una\nrenovaci\u00f3n del convenio, se han realizado un total 7 conciertos en\nfechas importantes<\/h2>\t\t\t\t<\/div>\n\t\t\t\t<\/div>\n\t\t\t\t<\/div>\n\t\t\t\t\t<\/div>\n\t\t\t\t<\/div>\n\t\t\t\t<\/div>\n\t\t","protected":false},"excerpt":{"rendered":"<p>Firma de Convenio Brigada Sargento Aldea Se firma convenio en marzo del 2024 con el fin de elaborar un plan que, en una primera etapa, permiti\u00f3 identificar las principales zonas de riesgo de incendios forestales que existen en Re\u00f1aca. Comit\u00e9 de Seguridad Vecinal OCEANO Dentro del marco de los Fondos del 7% del Gobierno Regional [&hellip;]<\/p>\n","protected":false},"author":1,"featured_media":0,"parent":0,"menu_order":0,"comment_status":"closed","ping_status":"closed","template":"","meta":{"footnotes":""},"class_list":["post-10151","page","type-page","status-publish","hentry"],"rttpg_featured_image_url":null,"rttpg_author":{"display_name":"Codar","author_link":"https:\/\/www.codar.cl\/index\/author\/borrar\/"},"rttpg_comment":0,"rttpg_category":null,"rttpg_excerpt":"Firma de Convenio Brigada Sargento Aldea Se firma convenio en marzo del 2024 con el fin de elaborar un plan que, en una primera etapa, permiti\u00f3 identificar las principales zonas de riesgo de incendios forestales que existen en Re\u00f1aca. Comit\u00e9 de Seguridad Vecinal OCEANO Dentro del marco de los Fondos del 7% del Gobierno Regional&hellip;","_links":{"self":[{"href":"https:\/\/www.codar.cl\/index\/wp-json\/wp\/v2\/pages\/10151","targetHints":{"allow":["GET"]}}],"collection":[{"href":"https:\/\/www.codar.cl\/index\/wp-json\/wp\/v2\/pages"}],"about":[{"href":"https:\/\/www.codar.cl\/index\/wp-json\/wp\/v2\/types\/page"}],"author":[{"embeddable":true,"href":"https:\/\/www.codar.cl\/index\/wp-json\/wp\/v2\/users\/1"}],"replies":[{"embeddable":true,"href":"https:\/\/www.codar.cl\/index\/wp-json\/wp\/v2\/comments?post=10151"}],"version-history":[{"count":46,"href":"https:\/\/www.codar.cl\/index\/wp-json\/wp\/v2\/pages\/10151\/revisions"}],"predecessor-version":[{"id":13531,"href":"https:\/\/www.codar.cl\/index\/wp-json\/wp\/v2\/pages\/10151\/revisions\/13531"}],"wp:attachment":[{"href":"https:\/\/www.codar.cl\/index\/wp-json\/wp\/v2\/media?parent=10151"}],"curies":[{"name":"wp","href":"https:\/\/api.w.org\/{rel}","templated":true}]}}