{"id":1044,"date":"2020-01-29T00:02:36","date_gmt":"2020-01-29T00:02:36","guid":{"rendered":"http:\/\/www.codar.cl\/borrar\/?page_id=1044"},"modified":"2025-10-16T13:22:36","modified_gmt":"2025-10-16T13:22:36","slug":"ii-comite-ambiental","status":"publish","type":"page","link":"https:\/\/www.codar.cl\/index\/ii-comite-ambiental\/","title":{"rendered":"\u00c1rea Ambiental"},"content":{"rendered":"\t\t<div data-elementor-type=\"wp-page\" data-elementor-id=\"1044\" class=\"elementor elementor-1044\">\n\t\t\t\t<div class=\"elementor-element elementor-element-0252317 e-flex e-con-boxed e-con e-parent\" data-id=\"0252317\" data-element_type=\"container\" data-e-type=\"container\">\n\t\t\t\t\t<div class=\"e-con-inner\">\n\t\t<div class=\"elementor-element elementor-element-288b8d9 e-con-full e-flex e-con e-child\" data-id=\"288b8d9\" data-element_type=\"container\" data-e-type=\"container\">\n\t\t<div class=\"elementor-element elementor-element-b945e8e e-con-full e-flex e-con e-child\" data-id=\"b945e8e\" data-element_type=\"container\" data-e-type=\"container\">\n\t\t\t\t<div class=\"elementor-element elementor-element-4e2233b elementor-widget elementor-widget-heading\" data-id=\"4e2233b\" data-element_type=\"widget\" data-e-type=\"widget\" data-widget_type=\"heading.default\">\n\t\t\t\t<div class=\"elementor-widget-container\">\n\t\t\t\t\t<h2 class=\"elementor-heading-title elementor-size-default\">\u00c1rea Ambiental<\/h2>\t\t\t\t<\/div>\n\t\t\t\t<\/div>\n\t\t\t\t<\/div>\n\t\t\t\t<\/div>\n\t\t\t\t\t<\/div>\n\t\t\t\t<\/div>\n\t\t<div class=\"elementor-element elementor-element-e9d1c63 e-flex e-con-boxed e-con e-parent\" data-id=\"e9d1c63\" data-element_type=\"container\" data-e-type=\"container\">\n\t\t\t\t\t<div class=\"e-con-inner\">\n\t\t<div class=\"elementor-element elementor-element-3bd080e e-con-full e-flex e-con e-child\" data-id=\"3bd080e\" data-element_type=\"container\" data-e-type=\"container\">\n\t\t<div class=\"elementor-element elementor-element-d2ce749 e-con-full e-flex e-con e-child\" data-id=\"d2ce749\" data-element_type=\"container\" data-e-type=\"container\">\n\t\t<div class=\"elementor-element elementor-element-bf0fe6a e-con-full e-flex e-con e-child\" data-id=\"bf0fe6a\" data-element_type=\"container\" data-e-type=\"container\">\n\t\t<div class=\"elementor-element elementor-element-a1118d9 e-con-full e-flex e-con e-child\" data-id=\"a1118d9\" data-element_type=\"container\" data-e-type=\"container\">\n\t\t\t\t<div class=\"elementor-element elementor-element-1004de1 elementor-widget elementor-widget-image\" data-id=\"1004de1\" data-element_type=\"widget\" data-e-type=\"widget\" data-widget_type=\"image.default\">\n\t\t\t\t<div class=\"elementor-widget-container\">\n\t\t\t\t\t\t\t\t\t\t\t\t\t\t\t<img decoding=\"async\" src=\"https:\/\/www.codar.cl\/index\/wp-content\/plugins\/elementor\/assets\/images\/placeholder.png\" alt=\"\" \/>\t\t\t\t\t\t\t\t\t\t\t\t\t\t\t<\/div>\n\t\t\t\t<\/div>\n\t\t\t\t<\/div>\n\t\t<div class=\"elementor-element elementor-element-009fc16 e-con-full e-flex e-con e-child\" data-id=\"009fc16\" data-element_type=\"container\" data-e-type=\"container\">\n\t\t\t\t<div class=\"elementor-element elementor-element-7dc2af7 elementor-widget elementor-widget-text-editor\" data-id=\"7dc2af7\" data-element_type=\"widget\" data-e-type=\"widget\" data-widget_type=\"text-editor.default\">\n\t\t\t\t<div class=\"elementor-widget-container\">\n\t\t\t\t\t\t\t\t\t<p>El Comit\u00e9 Ambiental se conform\u00f3 el 21 de marzo del a\u00f1o 2019,<\/p><\/div><\/div><\/div><\/div><\/div><\/div><\/div><\/div><\/div> <a href=\"https:\/\/www.codar.cl\/index\/ii-comite-ambiental\/#more-1044\" class=\"more-link elementor-more-link\"><span aria-label=\"Sigue leyendo \u00c1rea Ambiental\">(m\u00e1s&hellip;)<\/span><\/a>","protected":false},"excerpt":{"rendered":"<p>\u00c1rea Ambiental El Comit\u00e9 Ambiental se conform\u00f3 el 21 de marzo del a\u00f1o 2019,<\/p>\n","protected":false},"author":1,"featured_media":1399,"parent":0,"menu_order":0,"comment_status":"closed","ping_status":"closed","template":"redux-templates_full_width","meta":{"footnotes":""},"class_list":["post-1044","page","type-page","status-publish","has-post-thumbnail","hentry"],"rttpg_featured_image_url":{"full":["https:\/\/www.codar.cl\/index\/wp-content\/uploads\/2020\/05\/1-3.jpg",800,400,false],"landscape":["https:\/\/www.codar.cl\/index\/wp-content\/uploads\/2020\/05\/1-3.jpg",800,400,false],"portraits":["https:\/\/www.codar.cl\/index\/wp-content\/uploads\/2020\/05\/1-3.jpg",800,400,false],"thumbnail":["https:\/\/www.codar.cl\/index\/wp-content\/uploads\/2020\/05\/1-3-150x150.jpg",150,150,true],"medium":["https:\/\/www.codar.cl\/index\/wp-content\/uploads\/2020\/05\/1-3-300x150.jpg",300,150,true],"large":["https:\/\/www.codar.cl\/index\/wp-content\/uploads\/2020\/05\/1-3.jpg",474,237,false],"1536x1536":["https:\/\/www.codar.cl\/index\/wp-content\/uploads\/2020\/05\/1-3.jpg",800,400,false],"2048x2048":["https:\/\/www.codar.cl\/index\/wp-content\/uploads\/2020\/05\/1-3.jpg",800,400,false],"minimag_345_308":["https:\/\/www.codar.cl\/index\/wp-content\/uploads\/2020\/05\/1-3-345x308.jpg",345,308,true],"minimag_100_80":["https:\/\/www.codar.cl\/index\/wp-content\/uploads\/2020\/05\/1-3-100x80.jpg",100,80,true],"minimag_345_230":["https:\/\/www.codar.cl\/index\/wp-content\/uploads\/2020\/05\/1-3-345x230.jpg",345,230,true],"minimag_1170_500":["https:\/\/www.codar.cl\/index\/wp-content\/uploads\/2020\/05\/1-3.jpg",800,400,false],"minimag_1170_669":["https:\/\/www.codar.cl\/index\/wp-content\/uploads\/2020\/05\/1-3.jpg",800,400,false],"minimag_770_440":["https:\/\/www.codar.cl\/index\/wp-content\/uploads\/2020\/05\/1-3-770x400.jpg",770,400,true],"minimag_170_170":["https:\/\/www.codar.cl\/index\/wp-content\/uploads\/2020\/05\/1-3-170x170.jpg",170,170,true],"minimag_1170_605":["https:\/\/www.codar.cl\/index\/wp-content\/uploads\/2020\/05\/1-3.jpg",800,400,false],"minimag_770_513":["https:\/\/www.codar.cl\/index\/wp-content\/uploads\/2020\/05\/1-3-770x400.jpg",770,400,true],"minimag_910_550":["https:\/\/www.codar.cl\/index\/wp-content\/uploads\/2020\/05\/1-3.jpg",800,400,false],"minimag_370_247":["https:\/\/www.codar.cl\/index\/wp-content\/uploads\/2020\/05\/1-3-370x247.jpg",370,247,true],"minimag_270_220":["https:\/\/www.codar.cl\/index\/wp-content\/uploads\/2020\/05\/1-3-270x220.jpg",270,220,true],"minimag_440_293":["https:\/\/www.codar.cl\/index\/wp-content\/uploads\/2020\/05\/1-3-440x293.jpg",440,293,true],"minimag_351_247":["https:\/\/www.codar.cl\/index\/wp-content\/uploads\/2020\/05\/1-3-351x247.jpg",351,247,true],"minimag_570_380":["https:\/\/www.codar.cl\/index\/wp-content\/uploads\/2020\/05\/1-3-570x380.jpg",570,380,true],"minimag_501_375":["https:\/\/www.codar.cl\/index\/wp-content\/uploads\/2020\/05\/1-3-501x375.jpg",501,375,true],"minimag_770_500":["https:\/\/www.codar.cl\/index\/wp-content\/uploads\/2020\/05\/1-3-770x400.jpg",770,400,true],"minimag_395_499":["https:\/\/www.codar.cl\/index\/wp-content\/uploads\/2020\/05\/1-3-395x400.jpg",395,400,true],"minimag_1164_500":["https:\/\/www.codar.cl\/index\/wp-content\/uploads\/2020\/05\/1-3.jpg",800,400,false],"minimag_700_600":["https:\/\/www.codar.cl\/index\/wp-content\/uploads\/2020\/05\/1-3-700x400.jpg",700,400,true],"minimag_477_500":["https:\/\/www.codar.cl\/index\/wp-content\/uploads\/2020\/05\/1-3-477x400.jpg",477,400,true],"minimag_370_493":["https:\/\/www.codar.cl\/index\/wp-content\/uploads\/2020\/05\/1-3-370x400.jpg",370,400,true],"minimag_370_370":["https:\/\/www.codar.cl\/index\/wp-content\/uploads\/2020\/05\/1-3-370x370.jpg",370,370,true],"minimag_370_555":["https:\/\/www.codar.cl\/index\/wp-content\/uploads\/2020\/05\/1-3-370x400.jpg",370,400,true],"minimag_370_399":["https:\/\/www.codar.cl\/index\/wp-content\/uploads\/2020\/05\/1-3-370x399.jpg",370,399,true],"minimag_370_494":["https:\/\/www.codar.cl\/index\/wp-content\/uploads\/2020\/05\/1-3-370x400.jpg",370,400,true],"minimag_370_241":["https:\/\/www.codar.cl\/index\/wp-content\/uploads\/2020\/05\/1-3-370x241.jpg",370,241,true],"minimag_440_660":["https:\/\/www.codar.cl\/index\/wp-content\/uploads\/2020\/05\/1-3-440x400.jpg",440,400,true],"minimag_440_440":["https:\/\/www.codar.cl\/index\/wp-content\/uploads\/2020\/05\/1-3-440x400.jpg",440,400,true],"minimag_440_589":["https:\/\/www.codar.cl\/index\/wp-content\/uploads\/2020\/05\/1-3-440x400.jpg",440,400,true],"minimag_440_580":["https:\/\/www.codar.cl\/index\/wp-content\/uploads\/2020\/05\/1-3-440x400.jpg",440,400,true],"minimag_440_294":["https:\/\/www.codar.cl\/index\/wp-content\/uploads\/2020\/05\/1-3-440x294.jpg",440,294,true],"minimag_370_479":["https:\/\/www.codar.cl\/index\/wp-content\/uploads\/2020\/05\/1-3-370x400.jpg",370,400,true],"minimag_396_248":["https:\/\/www.codar.cl\/index\/wp-content\/uploads\/2020\/05\/1-3-396x248.jpg",396,248,true],"post-thumbnail":["https:\/\/www.codar.cl\/index\/wp-content\/uploads\/2020\/05\/1-3-770x400.jpg",770,400,true],"minimag_1920_400":["https:\/\/www.codar.cl\/index\/wp-content\/uploads\/2020\/05\/1-3.jpg",800,400,false],"minimag_1170_250":["https:\/\/www.codar.cl\/index\/wp-content\/uploads\/2020\/05\/1-3-800x250.jpg",800,250,true],"minimag_170_113":["https:\/\/www.codar.cl\/index\/wp-content\/uploads\/2020\/05\/1-3-170x113.jpg",170,113,true]},"rttpg_author":{"display_name":"Codar","author_link":"https:\/\/www.codar.cl\/index\/author\/borrar\/"},"rttpg_comment":0,"rttpg_category":null,"rttpg_excerpt":"\u00c1rea Ambiental El Comit\u00e9 Ambiental se conform\u00f3 el 21 de marzo del a\u00f1o 2019,","_links":{"self":[{"href":"https:\/\/www.codar.cl\/index\/wp-json\/wp\/v2\/pages\/1044","targetHints":{"allow":["GET"]}}],"collection":[{"href":"https:\/\/www.codar.cl\/index\/wp-json\/wp\/v2\/pages"}],"about":[{"href":"https:\/\/www.codar.cl\/index\/wp-json\/wp\/v2\/types\/page"}],"author":[{"embeddable":true,"href":"https:\/\/www.codar.cl\/index\/wp-json\/wp\/v2\/users\/1"}],"replies":[{"embeddable":true,"href":"https:\/\/www.codar.cl\/index\/wp-json\/wp\/v2\/comments?post=1044"}],"version-history":[{"count":60,"href":"https:\/\/www.codar.cl\/index\/wp-json\/wp\/v2\/pages\/1044\/revisions"}],"predecessor-version":[{"id":13543,"href":"https:\/\/www.codar.cl\/index\/wp-json\/wp\/v2\/pages\/1044\/revisions\/13543"}],"wp:featuredmedia":[{"embeddable":true,"href":"https:\/\/www.codar.cl\/index\/wp-json\/wp\/v2\/media\/1399"}],"wp:attachment":[{"href":"https:\/\/www.codar.cl\/index\/wp-json\/wp\/v2\/media?parent=1044"}],"curies":[{"name":"wp","href":"https:\/\/api.w.org\/{rel}","templated":true}]}}