{"id":1048,"date":"2020-01-29T00:08:53","date_gmt":"2020-01-29T00:08:53","guid":{"rendered":"http:\/\/www.codar.cl\/borrar\/?page_id=1048"},"modified":"2025-11-03T19:10:27","modified_gmt":"2025-11-03T19:10:27","slug":"iii-comite-de-turismo-2","status":"publish","type":"page","link":"https:\/\/www.codar.cl\/index\/iii-comite-de-turismo-2\/","title":{"rendered":"\u00c1rea Seguridad"},"content":{"rendered":"\t\t<div data-elementor-type=\"wp-page\" data-elementor-id=\"1048\" class=\"elementor elementor-1048\">\n\t\t\t\t<div class=\"elementor-element elementor-element-695a5bd e-flex e-con-boxed e-con e-parent\" data-id=\"695a5bd\" data-element_type=\"container\" data-e-type=\"container\">\n\t\t\t\t\t<div class=\"e-con-inner\">\n\t\t<div class=\"elementor-element elementor-element-26910e3 e-con-full e-flex e-con e-child\" data-id=\"26910e3\" data-element_type=\"container\" data-e-type=\"container\">\n\t\t\t\t<div class=\"elementor-element elementor-element-89ea59f elementor-widget elementor-widget-heading\" data-id=\"89ea59f\" data-element_type=\"widget\" data-e-type=\"widget\" data-widget_type=\"heading.default\">\n\t\t\t\t<div class=\"elementor-widget-container\">\n\t\t\t\t\t<h2 class=\"elementor-heading-title elementor-size-default\">\u00c1rea Seguridad<\/h2>\t\t\t\t<\/div>\n\t\t\t\t<\/div>\n\t\t\t\t<\/div>\n\t\t\t\t\t<\/div>\n\t\t\t\t<\/div>\n\t\t<div class=\"elementor-element elementor-element-8f18e24 e-flex e-con-boxed e-con e-parent\" data-id=\"8f18e24\" data-element_type=\"container\" data-e-type=\"container\">\n\t\t\t\t\t<div class=\"e-con-inner\">\n\t\t<div class=\"elementor-element elementor-element-b2906a1 e-con-full e-flex e-con e-child\" data-id=\"b2906a1\" data-element_type=\"container\" data-e-type=\"container\">\n\t\t<div class=\"elementor-element elementor-element-b6cf686 e-con-full e-flex e-con e-child\" data-id=\"b6cf686\" data-element_type=\"container\" data-e-type=\"container\">\n\t\t\t\t<div class=\"elementor-element elementor-element-ec1065d elementor-widget elementor-widget-image\" data-id=\"ec1065d\" data-element_type=\"widget\" data-e-type=\"widget\" data-widget_type=\"image.default\">\n\t\t\t\t<div class=\"elementor-widget-container\">\n\t\t\t\t\t\t\t\t\t\t\t\t\t\t\t<img decoding=\"async\" src=\"https:\/\/www.codar.cl\/index\/wp-content\/plugins\/elementor\/assets\/images\/placeholder.png\" alt=\"\" \/>\t\t\t\t\t\t\t\t\t\t\t\t\t\t\t<\/div>\n\t\t\t\t<\/div>\n\t\t\t\t<\/div>\n\t\t<div class=\"elementor-element elementor-element-884d79a e-con-full e-flex e-con e-child\" data-id=\"884d79a\" data-element_type=\"container\" data-e-type=\"container\">\n\t\t\t\t<div class=\"elementor-element elementor-element-7e2b229 elementor-widget elementor-widget-text-editor\" data-id=\"7e2b229\" data-element_type=\"widget\" data-e-type=\"widget\" data-widget_type=\"text-editor.default\">\n\t\t\t\t<div class=\"elementor-widget-container\">\n\t\t\t\t\t\t\t\t\t<p>El Comit\u00e9 Seguridad se conform\u00f3 el 26 de noviembre del a\u00f1o 2019, <span style=\"font-size: 1rem;\">con el objetivo de potenciar la seguridad de la zona de Re\u00f1aca.<\/span><\/p>\t\t\t\t\t\t\t\t<\/div>\n\t\t\t\t<\/div>\n\t\t\t\t<\/div>\n\t\t\t\t<\/div>\n\t\t\t\t\t<\/div>\n\t\t\t\t<\/div>\n\t\t<div class=\"elementor-element elementor-element-fa3368b e-flex e-con-boxed e-con e-parent\" data-id=\"fa3368b\" data-element_type=\"container\" data-e-type=\"container\">\n\t\t\t\t\t<div class=\"e-con-inner\">\n\t\t<div class=\"elementor-element elementor-element-7780caa e-con-full e-flex e-con e-child\" data-id=\"7780caa\" data-element_type=\"container\" data-e-type=\"container\" data-settings=\"{&quot;background_background&quot;:&quot;classic&quot;}\">\n\t\t<div class=\"elementor-element elementor-element-ac396e0 e-con-full e-flex e-con e-child\" data-id=\"ac396e0\" data-element_type=\"container\" data-e-type=\"container\">\n\t\t\t\t<div class=\"elementor-element elementor-element-ccd0722 elementor-widget elementor-widget-heading\" data-id=\"ccd0722\" data-element_type=\"widget\" data-e-type=\"widget\" data-widget_type=\"heading.default\">\n\t\t\t\t<div class=\"elementor-widget-container\">\n\t\t\t\t\t<h2 class=\"elementor-heading-title elementor-size-default\">Misi\u00f3n<\/h2>\t\t\t\t<\/div>\n\t\t\t\t<\/div>\n\t\t\t\t<div class=\"elementor-element elementor-element-240c4c8 elementor-widget elementor-widget-text-editor\" data-id=\"240c4c8\" data-element_type=\"widget\" data-e-type=\"widget\" data-widget_type=\"text-editor.default\">\n\t\t\t\t<div class=\"elementor-widget-container\">\n\t\t\t\t\t\t\t\t\t<p>Potenciar la Seguridad Integral de la zona de Re\u00f1aca (contaminaci\u00f3n ac\u00fastica o de cualquier otro tipo, congesti\u00f3n vehicular, incendios forestales, seguridad en edificios y condominios, evacuaci\u00f3n de emergencia, delincuencia, etc.) con el fin de velar por el bienestar y calidad de vida de sus habitantes.<\/p>\t\t\t\t\t\t\t\t<\/div>\n\t\t\t\t<\/div>\n\t\t\t\t<\/div>\n\t\t<div class=\"elementor-element elementor-element-8bc0a8c e-con-full e-flex e-con e-child\" data-id=\"8bc0a8c\" data-element_type=\"container\" data-e-type=\"container\" data-settings=\"{&quot;background_background&quot;:&quot;classic&quot;}\">\n\t\t\t\t<div class=\"elementor-element elementor-element-f8ad86a elementor-widget elementor-widget-heading\" data-id=\"f8ad86a\" data-element_type=\"widget\" data-e-type=\"widget\" data-widget_type=\"heading.default\">\n\t\t\t\t<div class=\"elementor-widget-container\">\n\t\t\t\t\t<h2 class=\"elementor-heading-title elementor-size-default\">Objetivo<\/h2>\t\t\t\t<\/div>\n\t\t\t\t<\/div>\n\t\t\t\t<div class=\"elementor-element elementor-element-7304080 elementor-widget elementor-widget-text-editor\" data-id=\"7304080\" data-element_type=\"widget\" data-e-type=\"widget\" data-widget_type=\"text-editor.default\">\n\t\t\t\t<div class=\"elementor-widget-container\">\n\t\t\t\t\t\t\t\t\t<p>-Desarrollar un plan estrat\u00e9gico de seguridad integrado al Plan de seguridad Civil de la comuna de Vi\u00f1a del Mar.<\/p><p>-Recibir de Carabineros, PDI, Seguridad Ciudadana, y otros organismos de emergencia, informaci\u00f3n relevante, a trav\u00e9s de exposiciones o capacitaciones para los grupos de inter\u00e9s, como Juntas de Vecinos, Comit\u00e9 Vecinal de Seguridad (COVES), o vecinos individuales.<\/p><p>-Determinar problemas de seguridad que afectan a la comunidad, con la finalidad de buscar soluciones.<\/p><p>-Apoyar e incentivar la reactivaci\u00f3n de Comit\u00e9 Vecinal de Seguridad (COVES) de Re\u00f1aca.<\/p><p>-Trabajar en aspectos de seguridad en conjunto con los otros comit\u00e9s de CODAR.<\/p>\t\t\t\t\t\t\t\t<\/div>\n\t\t\t\t<\/div>\n\t\t\t\t<\/div>\n\t\t\t\t<\/div>\n\t\t\t\t\t<\/div>\n\t\t\t\t<\/div>\n\t\t<div class=\"elementor-element elementor-element-b6b3369 e-flex e-con-boxed e-con e-parent\" data-id=\"b6b3369\" data-element_type=\"container\" data-e-type=\"container\">\n\t\t\t\t\t<div class=\"e-con-inner\">\n\t\t<div class=\"elementor-element elementor-element-f5ec3a9 e-con-full e-flex e-con e-child\" data-id=\"f5ec3a9\" data-element_type=\"container\" data-e-type=\"container\">\n\t\t\t\t<div class=\"elementor-element elementor-element-887e58e elementor-widget elementor-widget-heading\" data-id=\"887e58e\" data-element_type=\"widget\" data-e-type=\"widget\" data-widget_type=\"heading.default\">\n\t\t\t\t<div class=\"elementor-widget-container\">\n\t\t\t\t\t<h2 class=\"elementor-heading-title elementor-size-default\">Hitos<\/h2>\t\t\t\t<\/div>\n\t\t\t\t<\/div>\n\t\t\t\t<\/div>\n\t\t\t\t\t<\/div>\n\t\t\t\t<\/div>\n\t\t<div class=\"elementor-element elementor-element-9cb03dc e-flex e-con-boxed e-con e-parent\" data-id=\"9cb03dc\" data-element_type=\"container\" data-e-type=\"container\">\n\t\t\t\t\t<div class=\"e-con-inner\">\n\t\t<div class=\"elementor-element elementor-element-8968700 e-con-full e-flex e-con e-child\" data-id=\"8968700\" data-element_type=\"container\" data-e-type=\"container\">\n\t\t<div class=\"elementor-element elementor-element-3f9c174 e-con-full e-flex e-con e-child\" data-id=\"3f9c174\" data-element_type=\"container\" data-e-type=\"container\">\n\t\t\t\t<div class=\"elementor-element elementor-element-8f8a927 elementor-widget elementor-widget-text-editor\" data-id=\"8f8a927\" data-element_type=\"widget\" data-e-type=\"widget\" data-widget_type=\"text-editor.default\">\n\t\t\t\t<div class=\"elementor-widget-container\">\n\t\t\t\t\t\t\t\t\t<ul><li><p style=\"text-align: start;\">2023 Apoyar la reactivaci\u00f3n del Comit\u00e9 de Seguridad Oc\u00e9ano, quienes lograron la obtenci\u00f3n de fondos para la instalar dos c\u00e1maras.<\/p><\/li><li><p style=\"text-align: start;\">2023 Firma de convenio con COVES Oc\u00e9ano.<\/p><\/li><li>2024 Firma de convenio de colaboraci\u00f3n con la Brigada Sargento Aldea.<\/li><\/ul>\t\t\t\t\t\t\t\t<\/div>\n\t\t\t\t<\/div>\n\t\t\t\t<\/div>\n\t\t<div class=\"elementor-element elementor-element-23bf3d2 e-con-full e-flex e-con e-child\" data-id=\"23bf3d2\" data-element_type=\"container\" data-e-type=\"container\">\n\t\t\t\t<div class=\"elementor-element elementor-element-105ac17 elementor-widget elementor-widget-text-editor\" data-id=\"105ac17\" data-element_type=\"widget\" data-e-type=\"widget\" data-widget_type=\"text-editor.default\">\n\t\t\t\t<div class=\"elementor-widget-container\">\n\t\t\t\t\t\t\t\t\t<ul>\n<li><span style=\"text-align: justify;\">2024 Entrega del documento de diagn\u00f3stico y recomendaciones en la mitigaci\u00f3n y prevenci\u00f3n de incendios de los sectores Jard\u00edn del Mar, los Almendros y los Pinos.<\/span><\/li><li>2025 Entrega de un carro de arrastre a la Brigada de Emergencia Sargento Aldea para apoyar labores de combate de incendios forestales.<\/li>\n<li>\n<p style=\"text-align: justify;\">2025 Se aprueba el dise\u00f1o del proyecto \u201cReposici\u00f3n Nueva Tenencia de Re\u00f1aca\u201d<\/p>\n<\/li>\n<\/ul>\t\t\t\t\t\t\t\t<\/div>\n\t\t\t\t<\/div>\n\t\t\t\t<\/div>\n\t\t\t\t<\/div>\n\t\t\t\t\t<\/div>\n\t\t\t\t<\/div>\n\t\t\t\t<\/div>\n\t\t","protected":false},"excerpt":{"rendered":"<p>\u00c1rea Seguridad El Comit\u00e9 Seguridad se conform\u00f3 el 26 de noviembre del a\u00f1o 2019, con el objetivo de potenciar la seguridad de la zona de Re\u00f1aca. Misi\u00f3n Potenciar la Seguridad Integral de la zona de Re\u00f1aca (contaminaci\u00f3n ac\u00fastica o de cualquier otro tipo, congesti\u00f3n vehicular, incendios forestales, seguridad en edificios y condominios, evacuaci\u00f3n de emergencia, [&hellip;]<\/p>\n","protected":false},"author":1,"featured_media":5680,"parent":0,"menu_order":0,"comment_status":"closed","ping_status":"closed","template":"redux-templates_full_width","meta":{"footnotes":""},"class_list":["post-1048","page","type-page","status-publish","has-post-thumbnail","hentry"],"rttpg_featured_image_url":{"full":["https:\/\/www.codar.cl\/index\/wp-content\/uploads\/2020\/08\/seguridad2.jpg",800,400,false],"landscape":["https:\/\/www.codar.cl\/index\/wp-content\/uploads\/2020\/08\/seguridad2.jpg",800,400,false],"portraits":["https:\/\/www.codar.cl\/index\/wp-content\/uploads\/2020\/08\/seguridad2.jpg",800,400,false],"thumbnail":["https:\/\/www.codar.cl\/index\/wp-content\/uploads\/2020\/08\/seguridad2-150x150.jpg",150,150,true],"medium":["https:\/\/www.codar.cl\/index\/wp-content\/uploads\/2020\/08\/seguridad2-300x150.jpg",300,150,true],"large":["https:\/\/www.codar.cl\/index\/wp-content\/uploads\/2020\/08\/seguridad2.jpg",474,237,false],"1536x1536":["https:\/\/www.codar.cl\/index\/wp-content\/uploads\/2020\/08\/seguridad2.jpg",800,400,false],"2048x2048":["https:\/\/www.codar.cl\/index\/wp-content\/uploads\/2020\/08\/seguridad2.jpg",800,400,false],"minimag_345_308":["https:\/\/www.codar.cl\/index\/wp-content\/uploads\/2020\/08\/seguridad2-345x308.jpg",345,308,true],"minimag_100_80":["https:\/\/www.codar.cl\/index\/wp-content\/uploads\/2020\/08\/seguridad2-100x80.jpg",100,80,true],"minimag_345_230":["https:\/\/www.codar.cl\/index\/wp-content\/uploads\/2020\/08\/seguridad2-345x230.jpg",345,230,true],"minimag_1170_500":["https:\/\/www.codar.cl\/index\/wp-content\/uploads\/2020\/08\/seguridad2.jpg",800,400,false],"minimag_1170_669":["https:\/\/www.codar.cl\/index\/wp-content\/uploads\/2020\/08\/seguridad2.jpg",800,400,false],"minimag_770_440":["https:\/\/www.codar.cl\/index\/wp-content\/uploads\/2020\/08\/seguridad2-770x400.jpg",770,400,true],"minimag_170_170":["https:\/\/www.codar.cl\/index\/wp-content\/uploads\/2020\/08\/seguridad2-170x170.jpg",170,170,true],"minimag_1170_605":["https:\/\/www.codar.cl\/index\/wp-content\/uploads\/2020\/08\/seguridad2.jpg",800,400,false],"minimag_770_513":["https:\/\/www.codar.cl\/index\/wp-content\/uploads\/2020\/08\/seguridad2-770x400.jpg",770,400,true],"minimag_910_550":["https:\/\/www.codar.cl\/index\/wp-content\/uploads\/2020\/08\/seguridad2.jpg",800,400,false],"minimag_370_247":["https:\/\/www.codar.cl\/index\/wp-content\/uploads\/2020\/08\/seguridad2-370x247.jpg",370,247,true],"minimag_270_220":["https:\/\/www.codar.cl\/index\/wp-content\/uploads\/2020\/08\/seguridad2-270x220.jpg",270,220,true],"minimag_440_293":["https:\/\/www.codar.cl\/index\/wp-content\/uploads\/2020\/08\/seguridad2-440x293.jpg",440,293,true],"minimag_351_247":["https:\/\/www.codar.cl\/index\/wp-content\/uploads\/2020\/08\/seguridad2-351x247.jpg",351,247,true],"minimag_570_380":["https:\/\/www.codar.cl\/index\/wp-content\/uploads\/2020\/08\/seguridad2-570x380.jpg",570,380,true],"minimag_501_375":["https:\/\/www.codar.cl\/index\/wp-content\/uploads\/2020\/08\/seguridad2-501x375.jpg",501,375,true],"minimag_770_500":["https:\/\/www.codar.cl\/index\/wp-content\/uploads\/2020\/08\/seguridad2-770x400.jpg",770,400,true],"minimag_395_499":["https:\/\/www.codar.cl\/index\/wp-content\/uploads\/2020\/08\/seguridad2-395x400.jpg",395,400,true],"minimag_1164_500":["https:\/\/www.codar.cl\/index\/wp-content\/uploads\/2020\/08\/seguridad2.jpg",800,400,false],"minimag_700_600":["https:\/\/www.codar.cl\/index\/wp-content\/uploads\/2020\/08\/seguridad2-700x400.jpg",700,400,true],"minimag_477_500":["https:\/\/www.codar.cl\/index\/wp-content\/uploads\/2020\/08\/seguridad2-477x400.jpg",477,400,true],"minimag_370_493":["https:\/\/www.codar.cl\/index\/wp-content\/uploads\/2020\/08\/seguridad2-370x400.jpg",370,400,true],"minimag_370_370":["https:\/\/www.codar.cl\/index\/wp-content\/uploads\/2020\/08\/seguridad2-370x370.jpg",370,370,true],"minimag_370_555":["https:\/\/www.codar.cl\/index\/wp-content\/uploads\/2020\/08\/seguridad2-370x400.jpg",370,400,true],"minimag_370_399":["https:\/\/www.codar.cl\/index\/wp-content\/uploads\/2020\/08\/seguridad2-370x399.jpg",370,399,true],"minimag_370_494":["https:\/\/www.codar.cl\/index\/wp-content\/uploads\/2020\/08\/seguridad2-370x400.jpg",370,400,true],"minimag_370_241":["https:\/\/www.codar.cl\/index\/wp-content\/uploads\/2020\/08\/seguridad2-370x241.jpg",370,241,true],"minimag_440_660":["https:\/\/www.codar.cl\/index\/wp-content\/uploads\/2020\/08\/seguridad2-440x400.jpg",440,400,true],"minimag_440_440":["https:\/\/www.codar.cl\/index\/wp-content\/uploads\/2020\/08\/seguridad2-440x400.jpg",440,400,true],"minimag_440_589":["https:\/\/www.codar.cl\/index\/wp-content\/uploads\/2020\/08\/seguridad2-440x400.jpg",440,400,true],"minimag_440_580":["https:\/\/www.codar.cl\/index\/wp-content\/uploads\/2020\/08\/seguridad2-440x400.jpg",440,400,true],"minimag_440_294":["https:\/\/www.codar.cl\/index\/wp-content\/uploads\/2020\/08\/seguridad2-440x294.jpg",440,294,true],"minimag_370_479":["https:\/\/www.codar.cl\/index\/wp-content\/uploads\/2020\/08\/seguridad2-370x400.jpg",370,400,true],"minimag_396_248":["https:\/\/www.codar.cl\/index\/wp-content\/uploads\/2020\/08\/seguridad2-396x248.jpg",396,248,true],"post-thumbnail":["https:\/\/www.codar.cl\/index\/wp-content\/uploads\/2020\/08\/seguridad2-770x400.jpg",770,400,true],"minimag_1920_400":["https:\/\/www.codar.cl\/index\/wp-content\/uploads\/2020\/08\/seguridad2.jpg",800,400,false],"minimag_1170_250":["https:\/\/www.codar.cl\/index\/wp-content\/uploads\/2020\/08\/seguridad2-800x250.jpg",800,250,true],"minimag_170_113":["https:\/\/www.codar.cl\/index\/wp-content\/uploads\/2020\/08\/seguridad2-170x113.jpg",170,113,true]},"rttpg_author":{"display_name":"Codar","author_link":"https:\/\/www.codar.cl\/index\/author\/borrar\/"},"rttpg_comment":0,"rttpg_category":null,"rttpg_excerpt":"\u00c1rea Seguridad El Comit\u00e9 Seguridad se conform\u00f3 el 26 de noviembre del a\u00f1o 2019, con el objetivo de potenciar la seguridad de la zona de Re\u00f1aca. Misi\u00f3n Potenciar la Seguridad Integral de la zona de Re\u00f1aca (contaminaci\u00f3n ac\u00fastica o de cualquier otro tipo, congesti\u00f3n vehicular, incendios forestales, seguridad en edificios y condominios, evacuaci\u00f3n de emergencia,&hellip;","_links":{"self":[{"href":"https:\/\/www.codar.cl\/index\/wp-json\/wp\/v2\/pages\/1048","targetHints":{"allow":["GET"]}}],"collection":[{"href":"https:\/\/www.codar.cl\/index\/wp-json\/wp\/v2\/pages"}],"about":[{"href":"https:\/\/www.codar.cl\/index\/wp-json\/wp\/v2\/types\/page"}],"author":[{"embeddable":true,"href":"https:\/\/www.codar.cl\/index\/wp-json\/wp\/v2\/users\/1"}],"replies":[{"embeddable":true,"href":"https:\/\/www.codar.cl\/index\/wp-json\/wp\/v2\/comments?post=1048"}],"version-history":[{"count":55,"href":"https:\/\/www.codar.cl\/index\/wp-json\/wp\/v2\/pages\/1048\/revisions"}],"predecessor-version":[{"id":13892,"href":"https:\/\/www.codar.cl\/index\/wp-json\/wp\/v2\/pages\/1048\/revisions\/13892"}],"wp:featuredmedia":[{"embeddable":true,"href":"https:\/\/www.codar.cl\/index\/wp-json\/wp\/v2\/media\/5680"}],"wp:attachment":[{"href":"https:\/\/www.codar.cl\/index\/wp-json\/wp\/v2\/media?parent=1048"}],"curies":[{"name":"wp","href":"https:\/\/api.w.org\/{rel}","templated":true}]}}