{"id":14185,"date":"2025-12-10T16:45:02","date_gmt":"2025-12-10T16:45:02","guid":{"rendered":"https:\/\/www.codar.cl\/index\/?page_id=14185"},"modified":"2025-12-11T15:03:22","modified_gmt":"2025-12-11T15:03:22","slug":"politicas-de-privacidad","status":"publish","type":"page","link":"https:\/\/www.codar.cl\/index\/politicas-de-privacidad\/","title":{"rendered":"Pol\u00edticas de Privacidad"},"content":{"rendered":"\t\t<div data-elementor-type=\"wp-page\" data-elementor-id=\"14185\" class=\"elementor elementor-14185\">\n\t\t\t\t<div class=\"elementor-element elementor-element-45dc30b e-flex e-con-boxed e-con e-parent\" data-id=\"45dc30b\" data-element_type=\"container\" data-e-type=\"container\">\n\t\t\t\t\t<div class=\"e-con-inner\">\n\t\t<div class=\"elementor-element elementor-element-c97093d e-con-full e-flex e-con e-child\" data-id=\"c97093d\" data-element_type=\"container\" data-e-type=\"container\">\n\t\t\t\t<\/div>\n\t\t<div class=\"elementor-element elementor-element-f5faf0f e-con-full e-flex e-con e-child\" data-id=\"f5faf0f\" data-element_type=\"container\" data-e-type=\"container\">\n\t\t\t\t<div class=\"elementor-element elementor-element-2708b29d elementor-widget elementor-widget-text-editor\" data-id=\"2708b29d\" data-element_type=\"widget\" data-e-type=\"widget\" data-widget_type=\"text-editor.default\">\n\t\t\t\t<div class=\"elementor-widget-container\">\n\t\t\t\t\t\t\t\t\t<p>Pol\u00edticas de privacidad. T\u00e9rminos y Condiciones de la tarjeta<br \/>\u201cBeneficios Codar Re\u00f1aca\u201d<\/p><p><!-- \/wp:paragraph --><\/p>\t\t\t\t\t\t\t\t<\/div>\n\t\t\t\t<\/div>\n\t\t\t\t<\/div>\n\t\t<div class=\"elementor-element elementor-element-b2780ee e-con-full e-flex e-con e-child\" data-id=\"b2780ee\" data-element_type=\"container\" data-e-type=\"container\">\n\t\t\t\t<\/div>\n\t\t\t\t\t<\/div>\n\t\t\t\t<\/div>\n\t\t<div class=\"elementor-element elementor-element-4639dbf e-flex e-con-boxed e-con e-parent\" data-id=\"4639dbf\" data-element_type=\"container\" data-e-type=\"container\">\n\t\t\t\t\t<div class=\"e-con-inner\">\n\t\t<div class=\"elementor-element elementor-element-9f27d35 e-con-full e-flex e-con e-child\" data-id=\"9f27d35\" data-element_type=\"container\" data-e-type=\"container\">\n\t\t\t\t<\/div>\n\t\t<div class=\"elementor-element elementor-element-b00c977 e-con-full e-flex e-con e-child\" data-id=\"b00c977\" data-element_type=\"container\" data-e-type=\"container\">\n\t\t\t\t<div class=\"elementor-element elementor-element-207d735 elementor-widget elementor-widget-text-editor\" data-id=\"207d735\" data-element_type=\"widget\" data-e-type=\"widget\" data-widget_type=\"text-editor.default\">\n\t\t\t\t<div class=\"elementor-widget-container\">\n\t\t\t\t\t\t\t\t\t<ul><li>Descripci\u00f3n: La tarjeta \u201cBeneficios CODAR Re\u00f1aca\u201d ofrece descuentos exclusivos en los comercios ASOCIADOS de Re\u00f1aca, a residentes y turistas. Para promover el comercio local y contribuir as\u00ed al progreso econ\u00f3mico de nuestra comunidad. La tarjeta es gratuita, personal e intransferible, y se puede cancelar con cualquier medio de pago, aceptado por el comercio asociado. Es gestionada por la Corporaci\u00f3n de Adelanto y Desarrollo de Re\u00f1aca O.C.F. (CODAR) y la Agrupaci\u00f3n Barrio Re\u00f1aca.<\/li><\/ul><p><!-- \/wp:paragraph --><\/p>\t\t\t\t\t\t\t\t<\/div>\n\t\t\t\t<\/div>\n\t\t\t\t<div class=\"elementor-element elementor-element-4cbc296 elementor-widget elementor-widget-text-editor\" data-id=\"4cbc296\" data-element_type=\"widget\" data-e-type=\"widget\" data-widget_type=\"text-editor.default\">\n\t\t\t\t<div class=\"elementor-widget-container\">\n\t\t\t\t\t\t\t\t\t<ul><li>Recolecci\u00f3n y tratamiento de datos: Para obtener la tarjeta se puede solicitar en el sitio web www.beneficioscodar.cl o personalmente, llenando el formulario en solicitar la tarjeta con sus datos: nombre, RUT, correo, celular y direcci\u00f3n. Una vez solicitada se retira en Av. Borgo\u00f1o 14.439, segundo piso, en el horario establecido. CODAR O.C.F, se compromete a proteger la<br \/>privacidad de los datos entregados conforme a la ley 19.628.<\/li><\/ul><p><!-- \/wp:paragraph --><\/p>\t\t\t\t\t\t\t\t<\/div>\n\t\t\t\t<\/div>\n\t\t\t\t<div class=\"elementor-element elementor-element-a316ee7 elementor-widget elementor-widget-text-editor\" data-id=\"a316ee7\" data-element_type=\"widget\" data-e-type=\"widget\" data-widget_type=\"text-editor.default\">\n\t\t\t\t<div class=\"elementor-widget-container\">\n\t\t\t\t\t\t\t\t\t<ul><li>Responsabilidades: CODAR O.C.F no es proveedor de los productos o servicios ofrecidos, por tanto, no responde de su calidad o funcionamiento.<br \/>Dicha responsabilidad ser\u00e1 exclusiva de la empresa, como \u00fanica prestadora de los servicios, concedidos en virtud del presente convenio. La unidad t\u00e9cnica responsable de la tarjeta, recibir sus consultas, sugerencias y\/o reclamos, es la Gerencia de Asuntos Comunitarios de CODAR O.C.F, puede hacerlas a trav\u00e9s del correo tarjetabeneficios@codar.cl o acudir a las oficinas de Codar.<\/li><\/ul><p><!-- \/wp:paragraph --><\/p>\t\t\t\t\t\t\t\t<\/div>\n\t\t\t\t<\/div>\n\t\t\t\t<div class=\"elementor-element elementor-element-dc5a250 elementor-widget elementor-widget-text-editor\" data-id=\"dc5a250\" data-element_type=\"widget\" data-e-type=\"widget\" data-widget_type=\"text-editor.default\">\n\t\t\t\t<div class=\"elementor-widget-container\">\n\t\t\t\t\t\t\t\t\t<ul>\n<li>Autorizaci\u00f3n de env\u00edo de informaci\u00f3n sobre descuentos y promociones: Con la firma de este documento, Usted autoriza a CODAR O.C.F, para que le env\u00ede informaci\u00f3n a sobre los descuentos y promociones del comercio asociado a la tarjeta \u201cBeneficios CODAR Re\u00f1aca\u201d, a su correo electr\u00f3nico y\/o n\u00famero de WhatsApp, a trav\u00e9s del correo tarjetabeneficios@codar.cl. El usuario\/beneficiario podr\u00e1 solicitar en cualquier momento la modificaci\u00f3n o eliminaci\u00f3n de sus datos personales<br>conforme a la Ley 19.628.<\/li>\n<\/ul>\n<p><!-- \/wp:paragraph --><\/p>\t\t\t\t\t\t\t\t<\/div>\n\t\t\t\t<\/div>\n\t\t\t\t<\/div>\n\t\t<div class=\"elementor-element elementor-element-018350c e-con-full e-flex e-con e-child\" data-id=\"018350c\" data-element_type=\"container\" data-e-type=\"container\">\n\t\t\t\t<\/div>\n\t\t\t\t\t<\/div>\n\t\t\t\t<\/div>\n\t\t<div class=\"elementor-element elementor-element-eb14b03 e-flex e-con-boxed e-con e-parent\" data-id=\"eb14b03\" data-element_type=\"container\" data-e-type=\"container\">\n\t\t\t\t\t<div class=\"e-con-inner\">\n\t\t<div class=\"elementor-element elementor-element-33116fa e-con-full e-flex e-con e-child\" data-id=\"33116fa\" data-element_type=\"container\" data-e-type=\"container\">\n\t\t\t\t<div class=\"elementor-element elementor-element-ce8d23e elementor-align-center elementor-widget elementor-widget-button\" data-id=\"ce8d23e\" data-element_type=\"widget\" data-e-type=\"widget\" data-widget_type=\"button.default\">\n\t\t\t\t<div class=\"elementor-widget-container\">\n\t\t\t\t\t\t\t\t\t<div class=\"elementor-button-wrapper\">\n\t\t\t\t\t<a class=\"elementor-button elementor-button-link elementor-size-sm\" href=\"https:\/\/docs.google.com\/forms\/d\/e\/1FAIpQLSfsopKJAbB4kJSqTZhB0rjhhFgO5_lANJoEx2RjFqvwdRm15A\/viewform\">\n\t\t\t\t\t\t<span class=\"elementor-button-content-wrapper\">\n\t\t\t\t\t\t\t\t\t<span class=\"elementor-button-text\">Solicita tu tarjeta aqu\u00ed<\/span>\n\t\t\t\t\t<\/span>\n\t\t\t\t\t<\/a>\n\t\t\t\t<\/div>\n\t\t\t\t\t\t\t\t<\/div>\n\t\t\t\t<\/div>\n\t\t\t\t<\/div>\n\t\t\t\t\t<\/div>\n\t\t\t\t<\/div>\n\t\t\t\t<\/div>\n\t\t","protected":false},"excerpt":{"rendered":"<p>Pol\u00edticas de privacidad. T\u00e9rminos y Condiciones de la tarjeta\u201cBeneficios Codar Re\u00f1aca\u201d Descripci\u00f3n: La tarjeta \u201cBeneficios CODAR Re\u00f1aca\u201d ofrece descuentos exclusivos en los comercios ASOCIADOS de Re\u00f1aca, a residentes y turistas. Para promover el comercio local y contribuir as\u00ed al progreso econ\u00f3mico de nuestra comunidad. La tarjeta es gratuita, personal e intransferible, y se puede cancelar [&hellip;]<\/p>\n","protected":false},"author":1,"featured_media":0,"parent":0,"menu_order":0,"comment_status":"closed","ping_status":"closed","template":"","meta":{"footnotes":""},"class_list":["post-14185","page","type-page","status-publish","hentry"],"rttpg_featured_image_url":null,"rttpg_author":{"display_name":"Codar","author_link":"https:\/\/www.codar.cl\/index\/author\/borrar\/"},"rttpg_comment":0,"rttpg_category":null,"rttpg_excerpt":"Pol\u00edticas de privacidad. T\u00e9rminos y Condiciones de la tarjeta\u201cBeneficios Codar Re\u00f1aca\u201d Descripci\u00f3n: La tarjeta \u201cBeneficios CODAR Re\u00f1aca\u201d ofrece descuentos exclusivos en los comercios ASOCIADOS de Re\u00f1aca, a residentes y turistas. Para promover el comercio local y contribuir as\u00ed al progreso econ\u00f3mico de nuestra comunidad. La tarjeta es gratuita, personal e intransferible, y se puede cancelar&hellip;","_links":{"self":[{"href":"https:\/\/www.codar.cl\/index\/wp-json\/wp\/v2\/pages\/14185","targetHints":{"allow":["GET"]}}],"collection":[{"href":"https:\/\/www.codar.cl\/index\/wp-json\/wp\/v2\/pages"}],"about":[{"href":"https:\/\/www.codar.cl\/index\/wp-json\/wp\/v2\/types\/page"}],"author":[{"embeddable":true,"href":"https:\/\/www.codar.cl\/index\/wp-json\/wp\/v2\/users\/1"}],"replies":[{"embeddable":true,"href":"https:\/\/www.codar.cl\/index\/wp-json\/wp\/v2\/comments?post=14185"}],"version-history":[{"count":19,"href":"https:\/\/www.codar.cl\/index\/wp-json\/wp\/v2\/pages\/14185\/revisions"}],"predecessor-version":[{"id":14219,"href":"https:\/\/www.codar.cl\/index\/wp-json\/wp\/v2\/pages\/14185\/revisions\/14219"}],"wp:attachment":[{"href":"https:\/\/www.codar.cl\/index\/wp-json\/wp\/v2\/media?parent=14185"}],"curies":[{"name":"wp","href":"https:\/\/api.w.org\/{rel}","templated":true}]}}