{"id":9966,"date":"2025-02-13T16:13:47","date_gmt":"2025-02-13T16:13:47","guid":{"rendered":"https:\/\/www.codar.cl\/index\/?page_id=9966"},"modified":"2025-02-13T16:20:47","modified_gmt":"2025-02-13T16:20:47","slug":"directorio","status":"publish","type":"page","link":"https:\/\/www.codar.cl\/index\/directorio\/","title":{"rendered":"Directorio"},"content":{"rendered":"\t\t<div data-elementor-type=\"wp-page\" data-elementor-id=\"9966\" class=\"elementor elementor-9966\">\n\t\t\t\t<div class=\"elementor-element elementor-element-95bf8ca e-flex e-con-boxed e-con e-parent\" data-id=\"95bf8ca\" data-element_type=\"container\" data-e-type=\"container\">\n\t\t\t\t\t<div class=\"e-con-inner\">\n\t\t\t\t<div class=\"elementor-element elementor-element-65391c2 elementor-widget elementor-widget-spacer\" data-id=\"65391c2\" data-element_type=\"widget\" data-e-type=\"widget\" data-widget_type=\"spacer.default\">\n\t\t\t\t<div class=\"elementor-widget-container\">\n\t\t\t\t\t\t\t<div class=\"elementor-spacer\">\n\t\t\t<div class=\"elementor-spacer-inner\"><\/div>\n\t\t<\/div>\n\t\t\t\t\t\t<\/div>\n\t\t\t\t<\/div>\n\t\t\t\t\t<\/div>\n\t\t\t\t<\/div>\n\t\t<div class=\"elementor-element elementor-element-d7b0be7 e-flex e-con-boxed e-con e-parent\" data-id=\"d7b0be7\" data-element_type=\"container\" data-e-type=\"container\">\n\t\t\t\t\t<div class=\"e-con-inner\">\n\t\t\t\t<div class=\"elementor-element elementor-element-b8f1a45 elementor-widget elementor-widget-heading\" data-id=\"b8f1a45\" data-element_type=\"widget\" data-e-type=\"widget\" data-widget_type=\"heading.default\">\n\t\t\t\t<div class=\"elementor-widget-container\">\n\t\t\t\t\t<h2 class=\"elementor-heading-title elementor-size-default\">Directorio<\/h2>\t\t\t\t<\/div>\n\t\t\t\t<\/div>\n\t\t\t\t\t<\/div>\n\t\t\t\t<\/div>\n\t\t<div class=\"elementor-element elementor-element-c28c5ac e-grid e-con-boxed e-con e-parent\" data-id=\"c28c5ac\" data-element_type=\"container\" data-e-type=\"container\">\n\t\t\t\t\t<div class=\"e-con-inner\">\n\t\t<div class=\"elementor-element elementor-element-e96db80 e-con-full e-flex e-con e-child\" data-id=\"e96db80\" data-element_type=\"container\" data-e-type=\"container\">\n\t\t\t\t<div class=\"elementor-element elementor-element-2eec4fb elementor-widget elementor-widget-image\" data-id=\"2eec4fb\" data-element_type=\"widget\" data-e-type=\"widget\" data-widget_type=\"image.default\">\n\t\t\t\t<div class=\"elementor-widget-container\">\n\t\t\t\t\t\t\t\t\t\t\t\t\t\t\t<img fetchpriority=\"high\" decoding=\"async\" width=\"600\" height=\"600\" src=\"https:\/\/www.codar.cl\/index\/wp-content\/uploads\/2020\/04\/007.jpg\" class=\"attachment-large size-large wp-image-1240\" alt=\"\" srcset=\"https:\/\/www.codar.cl\/index\/wp-content\/uploads\/2020\/04\/007.jpg 600w, https:\/\/www.codar.cl\/index\/wp-content\/uploads\/2020\/04\/007-300x300.jpg 300w, https:\/\/www.codar.cl\/index\/wp-content\/uploads\/2020\/04\/007-150x150.jpg 150w, https:\/\/www.codar.cl\/index\/wp-content\/uploads\/2020\/04\/007-170x170.jpg 170w, https:\/\/www.codar.cl\/index\/wp-content\/uploads\/2020\/04\/007-370x370.jpg 370w, https:\/\/www.codar.cl\/index\/wp-content\/uploads\/2020\/04\/007-440x440.jpg 440w\" sizes=\"(max-width: 474px) 100vw, 474px\" \/>\t\t\t\t\t\t\t\t\t\t\t\t\t\t\t<\/div>\n\t\t\t\t<\/div>\n\t\t\t\t<div class=\"elementor-element elementor-element-15e07f6 elementor-widget elementor-widget-heading\" data-id=\"15e07f6\" data-element_type=\"widget\" data-e-type=\"widget\" data-widget_type=\"heading.default\">\n\t\t\t\t<div class=\"elementor-widget-container\">\n\t\t\t\t\t<h2 class=\"elementor-heading-title elementor-size-default\">Oscar de La Maza Mu\u00f1oz\nPresidente<\/h2>\t\t\t\t<\/div>\n\t\t\t\t<\/div>\n\t\t\t\t<\/div>\n\t\t<div class=\"elementor-element elementor-element-82f27d5 e-con-full e-flex e-con e-child\" data-id=\"82f27d5\" data-element_type=\"container\" data-e-type=\"container\">\n\t\t\t\t<div class=\"elementor-element elementor-element-e60a1fa elementor-widget elementor-widget-image\" data-id=\"e60a1fa\" data-element_type=\"widget\" data-e-type=\"widget\" data-widget_type=\"image.default\">\n\t\t\t\t<div class=\"elementor-widget-container\">\n\t\t\t\t\t\t\t\t\t\t\t\t\t\t\t<img decoding=\"async\" width=\"1024\" height=\"973\" src=\"https:\/\/www.codar.cl\/index\/wp-content\/uploads\/2024\/07\/socio-1024x973.jpg\" class=\"attachment-large size-large wp-image-8594\" alt=\"\" srcset=\"https:\/\/www.codar.cl\/index\/wp-content\/uploads\/2024\/07\/socio-1024x973.jpg 1024w, https:\/\/www.codar.cl\/index\/wp-content\/uploads\/2024\/07\/socio-300x285.jpg 300w, https:\/\/www.codar.cl\/index\/wp-content\/uploads\/2024\/07\/socio-768x730.jpg 768w, https:\/\/www.codar.cl\/index\/wp-content\/uploads\/2024\/07\/socio.jpg 1181w\" sizes=\"(max-width: 474px) 100vw, 474px\" \/>\t\t\t\t\t\t\t\t\t\t\t\t\t\t\t<\/div>\n\t\t\t\t<\/div>\n\t\t\t\t<div class=\"elementor-element elementor-element-9b10979 elementor-widget elementor-widget-heading\" data-id=\"9b10979\" data-element_type=\"widget\" data-e-type=\"widget\" data-widget_type=\"heading.default\">\n\t\t\t\t<div class=\"elementor-widget-container\">\n\t\t\t\t\t<h2 class=\"elementor-heading-title elementor-size-default\">\u00c1lvaro Gonz\u00e1lez Reyes\nVicepresidente<\/h2>\t\t\t\t<\/div>\n\t\t\t\t<\/div>\n\t\t\t\t<\/div>\n\t\t<div class=\"elementor-element elementor-element-666e381 e-con-full e-flex e-con e-child\" data-id=\"666e381\" data-element_type=\"container\" data-e-type=\"container\">\n\t\t\t\t<div class=\"elementor-element elementor-element-06a94c3 elementor-widget elementor-widget-image\" data-id=\"06a94c3\" data-element_type=\"widget\" data-e-type=\"widget\" data-widget_type=\"image.default\">\n\t\t\t\t<div class=\"elementor-widget-container\">\n\t\t\t\t\t\t\t\t\t\t\t\t\t\t\t<img decoding=\"async\" width=\"600\" height=\"600\" src=\"https:\/\/www.codar.cl\/index\/wp-content\/uploads\/2020\/04\/006.jpg\" class=\"attachment-large size-large wp-image-1239\" alt=\"\" srcset=\"https:\/\/www.codar.cl\/index\/wp-content\/uploads\/2020\/04\/006.jpg 600w, https:\/\/www.codar.cl\/index\/wp-content\/uploads\/2020\/04\/006-300x300.jpg 300w, https:\/\/www.codar.cl\/index\/wp-content\/uploads\/2020\/04\/006-150x150.jpg 150w, https:\/\/www.codar.cl\/index\/wp-content\/uploads\/2020\/04\/006-170x170.jpg 170w, https:\/\/www.codar.cl\/index\/wp-content\/uploads\/2020\/04\/006-370x370.jpg 370w, https:\/\/www.codar.cl\/index\/wp-content\/uploads\/2020\/04\/006-440x440.jpg 440w\" sizes=\"(max-width: 474px) 100vw, 474px\" \/>\t\t\t\t\t\t\t\t\t\t\t\t\t\t\t<\/div>\n\t\t\t\t<\/div>\n\t\t\t\t<div class=\"elementor-element elementor-element-af0b8d5 elementor-widget elementor-widget-heading\" data-id=\"af0b8d5\" data-element_type=\"widget\" data-e-type=\"widget\" data-widget_type=\"heading.default\">\n\t\t\t\t<div class=\"elementor-widget-container\">\n\t\t\t\t\t<h2 class=\"elementor-heading-title elementor-size-default\">Juan Carlos Duguid Padilla\nSecretario<\/h2>\t\t\t\t<\/div>\n\t\t\t\t<\/div>\n\t\t\t\t<\/div>\n\t\t<div class=\"elementor-element elementor-element-5e8cb57 e-con-full e-flex e-con e-child\" data-id=\"5e8cb57\" data-element_type=\"container\" data-e-type=\"container\">\n\t\t\t\t<div class=\"elementor-element elementor-element-10fee64 elementor-widget elementor-widget-image\" data-id=\"10fee64\" data-element_type=\"widget\" data-e-type=\"widget\" data-widget_type=\"image.default\">\n\t\t\t\t<div class=\"elementor-widget-container\">\n\t\t\t\t\t\t\t\t\t\t\t\t\t\t\t<img loading=\"lazy\" decoding=\"async\" width=\"600\" height=\"600\" src=\"https:\/\/www.codar.cl\/index\/wp-content\/uploads\/2020\/04\/001.jpg\" class=\"attachment-large size-large wp-image-1235\" alt=\"\" srcset=\"https:\/\/www.codar.cl\/index\/wp-content\/uploads\/2020\/04\/001.jpg 600w, https:\/\/www.codar.cl\/index\/wp-content\/uploads\/2020\/04\/001-300x300.jpg 300w, https:\/\/www.codar.cl\/index\/wp-content\/uploads\/2020\/04\/001-150x150.jpg 150w, https:\/\/www.codar.cl\/index\/wp-content\/uploads\/2020\/04\/001-170x170.jpg 170w, https:\/\/www.codar.cl\/index\/wp-content\/uploads\/2020\/04\/001-370x370.jpg 370w, https:\/\/www.codar.cl\/index\/wp-content\/uploads\/2020\/04\/001-440x440.jpg 440w\" sizes=\"(max-width: 474px) 100vw, 474px\" \/>\t\t\t\t\t\t\t\t\t\t\t\t\t\t\t<\/div>\n\t\t\t\t<\/div>\n\t\t\t\t<div class=\"elementor-element elementor-element-30f800f elementor-widget elementor-widget-heading\" data-id=\"30f800f\" data-element_type=\"widget\" data-e-type=\"widget\" data-widget_type=\"heading.default\">\n\t\t\t\t<div class=\"elementor-widget-container\">\n\t\t\t\t\t<h2 class=\"elementor-heading-title elementor-size-default\">Eugenio Riveros Tiemann\nTesorero<\/h2>\t\t\t\t<\/div>\n\t\t\t\t<\/div>\n\t\t\t\t<\/div>\n\t\t<div class=\"elementor-element elementor-element-cf8dae4 e-con-full e-flex e-con e-child\" data-id=\"cf8dae4\" data-element_type=\"container\" data-e-type=\"container\">\n\t\t\t\t<div class=\"elementor-element elementor-element-bb0954b elementor-widget elementor-widget-image\" data-id=\"bb0954b\" data-element_type=\"widget\" data-e-type=\"widget\" data-widget_type=\"image.default\">\n\t\t\t\t<div class=\"elementor-widget-container\">\n\t\t\t\t\t\t\t\t\t\t\t\t\t\t\t<img loading=\"lazy\" decoding=\"async\" width=\"931\" height=\"1024\" src=\"https:\/\/www.codar.cl\/index\/wp-content\/uploads\/2025\/02\/WhatsApp-Image-2025-02-13-at-13.14.07-931x1024.jpeg\" class=\"attachment-large size-large wp-image-9972\" alt=\"\" srcset=\"https:\/\/www.codar.cl\/index\/wp-content\/uploads\/2025\/02\/WhatsApp-Image-2025-02-13-at-13.14.07-931x1024.jpeg 931w, https:\/\/www.codar.cl\/index\/wp-content\/uploads\/2025\/02\/WhatsApp-Image-2025-02-13-at-13.14.07-273x300.jpeg 273w, https:\/\/www.codar.cl\/index\/wp-content\/uploads\/2025\/02\/WhatsApp-Image-2025-02-13-at-13.14.07-768x845.jpeg 768w, https:\/\/www.codar.cl\/index\/wp-content\/uploads\/2025\/02\/WhatsApp-Image-2025-02-13-at-13.14.07-1397x1536.jpeg 1397w, https:\/\/www.codar.cl\/index\/wp-content\/uploads\/2025\/02\/WhatsApp-Image-2025-02-13-at-13.14.07.jpeg 1455w\" sizes=\"(max-width: 474px) 100vw, 474px\" \/>\t\t\t\t\t\t\t\t\t\t\t\t\t\t\t<\/div>\n\t\t\t\t<\/div>\n\t\t\t\t<div class=\"elementor-element elementor-element-ed1f1e2 elementor-widget elementor-widget-heading\" data-id=\"ed1f1e2\" data-element_type=\"widget\" data-e-type=\"widget\" data-widget_type=\"heading.default\">\n\t\t\t\t<div class=\"elementor-widget-container\">\n\t\t\t\t\t<h2 class=\"elementor-heading-title elementor-size-default\">Carlo Flores Ruis<br>\nDirector<\/h2>\t\t\t\t<\/div>\n\t\t\t\t<\/div>\n\t\t\t\t<\/div>\n\t\t\t\t\t<\/div>\n\t\t\t\t<\/div>\n\t\t<div class=\"elementor-element elementor-element-51f62b9 e-flex e-con-boxed e-con e-parent\" data-id=\"51f62b9\" data-element_type=\"container\" data-e-type=\"container\">\n\t\t\t\t\t<div class=\"e-con-inner\">\n\t\t\t\t<div class=\"elementor-element elementor-element-c649a4e elementor-widget elementor-widget-spacer\" data-id=\"c649a4e\" data-element_type=\"widget\" data-e-type=\"widget\" data-widget_type=\"spacer.default\">\n\t\t\t\t<div class=\"elementor-widget-container\">\n\t\t\t\t\t\t\t<div class=\"elementor-spacer\">\n\t\t\t<div class=\"elementor-spacer-inner\"><\/div>\n\t\t<\/div>\n\t\t\t\t\t\t<\/div>\n\t\t\t\t<\/div>\n\t\t\t\t\t<\/div>\n\t\t\t\t<\/div>\n\t\t<div class=\"elementor-element elementor-element-00ca816 e-flex e-con-boxed e-con e-parent\" data-id=\"00ca816\" data-element_type=\"container\" data-e-type=\"container\">\n\t\t\t\t\t<div class=\"e-con-inner\">\n\t\t\t\t<div class=\"elementor-element elementor-element-93843a0 elementor-widget elementor-widget-heading\" data-id=\"93843a0\" data-element_type=\"widget\" data-e-type=\"widget\" data-widget_type=\"heading.default\">\n\t\t\t\t<div class=\"elementor-widget-container\">\n\t\t\t\t\t<h2 class=\"elementor-heading-title elementor-size-default\">Equipo de Trabajo<\/h2>\t\t\t\t<\/div>\n\t\t\t\t<\/div>\n\t\t\t\t\t<\/div>\n\t\t\t\t<\/div>\n\t\t<div class=\"elementor-element elementor-element-76bde34 e-flex e-con-boxed e-con e-parent\" data-id=\"76bde34\" data-element_type=\"container\" data-e-type=\"container\">\n\t\t\t\t\t<div class=\"e-con-inner\">\n\t\t\t\t<div class=\"elementor-element elementor-element-958afc1 elementor-widget elementor-widget-spacer\" data-id=\"958afc1\" data-element_type=\"widget\" data-e-type=\"widget\" data-widget_type=\"spacer.default\">\n\t\t\t\t<div class=\"elementor-widget-container\">\n\t\t\t\t\t\t\t<div class=\"elementor-spacer\">\n\t\t\t<div class=\"elementor-spacer-inner\"><\/div>\n\t\t<\/div>\n\t\t\t\t\t\t<\/div>\n\t\t\t\t<\/div>\n\t\t\t\t\t<\/div>\n\t\t\t\t<\/div>\n\t\t<div class=\"elementor-element elementor-element-b6a701f e-grid e-con-boxed e-con e-parent\" data-id=\"b6a701f\" data-element_type=\"container\" data-e-type=\"container\">\n\t\t\t\t\t<div class=\"e-con-inner\">\n\t\t<div class=\"elementor-element elementor-element-7ea1094 e-con-full e-flex e-con e-child\" data-id=\"7ea1094\" data-element_type=\"container\" data-e-type=\"container\">\n\t\t\t\t<div class=\"elementor-element elementor-element-ddf32f3 elementor-widget elementor-widget-image\" data-id=\"ddf32f3\" data-element_type=\"widget\" data-e-type=\"widget\" data-widget_type=\"image.default\">\n\t\t\t\t<div class=\"elementor-widget-container\">\n\t\t\t\t\t\t\t\t\t\t\t\t\t\t\t<img loading=\"lazy\" decoding=\"async\" width=\"600\" height=\"600\" src=\"https:\/\/www.codar.cl\/index\/wp-content\/uploads\/2020\/04\/016.jpg\" class=\"attachment-large size-large wp-image-1246\" alt=\"\" srcset=\"https:\/\/www.codar.cl\/index\/wp-content\/uploads\/2020\/04\/016.jpg 600w, https:\/\/www.codar.cl\/index\/wp-content\/uploads\/2020\/04\/016-300x300.jpg 300w, https:\/\/www.codar.cl\/index\/wp-content\/uploads\/2020\/04\/016-150x150.jpg 150w, https:\/\/www.codar.cl\/index\/wp-content\/uploads\/2020\/04\/016-170x170.jpg 170w, https:\/\/www.codar.cl\/index\/wp-content\/uploads\/2020\/04\/016-370x370.jpg 370w, https:\/\/www.codar.cl\/index\/wp-content\/uploads\/2020\/04\/016-440x440.jpg 440w\" sizes=\"(max-width: 474px) 100vw, 474px\" \/>\t\t\t\t\t\t\t\t\t\t\t\t\t\t\t<\/div>\n\t\t\t\t<\/div>\n\t\t\t\t<div class=\"elementor-element elementor-element-7e8c7f2 elementor-widget elementor-widget-heading\" data-id=\"7e8c7f2\" data-element_type=\"widget\" data-e-type=\"widget\" data-widget_type=\"heading.default\">\n\t\t\t\t<div class=\"elementor-widget-container\">\n\t\t\t\t\t<h2 class=\"elementor-heading-title elementor-size-default\">Alejandra Rioseco Ventura\nGerente de Asuntos Comunitarios<\/h2>\t\t\t\t<\/div>\n\t\t\t\t<\/div>\n\t\t\t\t<\/div>\n\t\t<div class=\"elementor-element elementor-element-8d287ac e-con-full e-flex e-con e-child\" data-id=\"8d287ac\" data-element_type=\"container\" data-e-type=\"container\">\n\t\t\t\t<div class=\"elementor-element elementor-element-3ad1c9c elementor-widget elementor-widget-image\" data-id=\"3ad1c9c\" data-element_type=\"widget\" data-e-type=\"widget\" data-widget_type=\"image.default\">\n\t\t\t\t<div class=\"elementor-widget-container\">\n\t\t\t\t\t\t\t\t\t\t\t\t\t\t\t<img loading=\"lazy\" decoding=\"async\" width=\"600\" height=\"600\" src=\"https:\/\/www.codar.cl\/index\/wp-content\/uploads\/2020\/04\/014.jpg\" class=\"attachment-large size-large wp-image-1250\" alt=\"\" srcset=\"https:\/\/www.codar.cl\/index\/wp-content\/uploads\/2020\/04\/014.jpg 600w, https:\/\/www.codar.cl\/index\/wp-content\/uploads\/2020\/04\/014-300x300.jpg 300w, https:\/\/www.codar.cl\/index\/wp-content\/uploads\/2020\/04\/014-150x150.jpg 150w, https:\/\/www.codar.cl\/index\/wp-content\/uploads\/2020\/04\/014-170x170.jpg 170w, https:\/\/www.codar.cl\/index\/wp-content\/uploads\/2020\/04\/014-370x370.jpg 370w, https:\/\/www.codar.cl\/index\/wp-content\/uploads\/2020\/04\/014-440x440.jpg 440w\" sizes=\"(max-width: 474px) 100vw, 474px\" \/>\t\t\t\t\t\t\t\t\t\t\t\t\t\t\t<\/div>\n\t\t\t\t<\/div>\n\t\t\t\t<div class=\"elementor-element elementor-element-6ef94b5 elementor-widget elementor-widget-heading\" data-id=\"6ef94b5\" data-element_type=\"widget\" data-e-type=\"widget\" data-widget_type=\"heading.default\">\n\t\t\t\t<div class=\"elementor-widget-container\">\n\t\t\t\t\t<h2 class=\"elementor-heading-title elementor-size-default\">Marcela Cademartori Gamboa\nComunicaciones y Relaciones P\u00fablicas<\/h2>\t\t\t\t<\/div>\n\t\t\t\t<\/div>\n\t\t\t\t<\/div>\n\t\t<div class=\"elementor-element elementor-element-5fca0cf e-con-full e-flex e-con e-child\" data-id=\"5fca0cf\" data-element_type=\"container\" data-e-type=\"container\">\n\t\t\t\t<div class=\"elementor-element elementor-element-3c94f45 elementor-widget elementor-widget-image\" data-id=\"3c94f45\" data-element_type=\"widget\" data-e-type=\"widget\" data-widget_type=\"image.default\">\n\t\t\t\t<div class=\"elementor-widget-container\">\n\t\t\t\t\t\t\t\t\t\t\t\t\t\t\t<img loading=\"lazy\" decoding=\"async\" width=\"1024\" height=\"973\" src=\"https:\/\/www.codar.cl\/index\/wp-content\/uploads\/2023\/05\/monica-1024x973.jpg\" class=\"attachment-large size-large wp-image-7363\" alt=\"\" srcset=\"https:\/\/www.codar.cl\/index\/wp-content\/uploads\/2023\/05\/monica-1024x973.jpg 1024w, https:\/\/www.codar.cl\/index\/wp-content\/uploads\/2023\/05\/monica-300x285.jpg 300w, https:\/\/www.codar.cl\/index\/wp-content\/uploads\/2023\/05\/monica-768x730.jpg 768w, https:\/\/www.codar.cl\/index\/wp-content\/uploads\/2023\/05\/monica.jpg 1181w\" sizes=\"(max-width: 474px) 100vw, 474px\" \/>\t\t\t\t\t\t\t\t\t\t\t\t\t\t\t<\/div>\n\t\t\t\t<\/div>\n\t\t\t\t<div class=\"elementor-element elementor-element-5435ebf elementor-widget elementor-widget-heading\" data-id=\"5435ebf\" data-element_type=\"widget\" data-e-type=\"widget\" data-widget_type=\"heading.default\">\n\t\t\t\t<div class=\"elementor-widget-container\">\n\t\t\t\t\t<h2 class=\"elementor-heading-title elementor-size-default\">M\u00f3nica Olivares G.\nSecretaria Ejecutiva.\n<br>\u00c1rea Administrativa<\/h2>\t\t\t\t<\/div>\n\t\t\t\t<\/div>\n\t\t\t\t<\/div>\n\t\t<div class=\"elementor-element elementor-element-b9e9283 e-con-full e-flex e-con e-child\" data-id=\"b9e9283\" data-element_type=\"container\" data-e-type=\"container\">\n\t\t\t\t<div class=\"elementor-element elementor-element-51f4d90 elementor-widget elementor-widget-image\" data-id=\"51f4d90\" data-element_type=\"widget\" data-e-type=\"widget\" data-widget_type=\"image.default\">\n\t\t\t\t<div class=\"elementor-widget-container\">\n\t\t\t\t\t\t\t\t\t\t\t\t\t\t\t<img loading=\"lazy\" decoding=\"async\" width=\"600\" height=\"600\" src=\"https:\/\/www.codar.cl\/index\/wp-content\/uploads\/2020\/04\/010.jpg\" class=\"attachment-large size-large wp-image-1248\" alt=\"\" srcset=\"https:\/\/www.codar.cl\/index\/wp-content\/uploads\/2020\/04\/010.jpg 600w, https:\/\/www.codar.cl\/index\/wp-content\/uploads\/2020\/04\/010-300x300.jpg 300w, https:\/\/www.codar.cl\/index\/wp-content\/uploads\/2020\/04\/010-150x150.jpg 150w, https:\/\/www.codar.cl\/index\/wp-content\/uploads\/2020\/04\/010-170x170.jpg 170w, https:\/\/www.codar.cl\/index\/wp-content\/uploads\/2020\/04\/010-370x370.jpg 370w, https:\/\/www.codar.cl\/index\/wp-content\/uploads\/2020\/04\/010-440x440.jpg 440w\" sizes=\"(max-width: 474px) 100vw, 474px\" \/>\t\t\t\t\t\t\t\t\t\t\t\t\t\t\t<\/div>\n\t\t\t\t<\/div>\n\t\t\t\t<div class=\"elementor-element elementor-element-0dc3d4b elementor-widget elementor-widget-heading\" data-id=\"0dc3d4b\" data-element_type=\"widget\" data-e-type=\"widget\" data-widget_type=\"heading.default\">\n\t\t\t\t<div class=\"elementor-widget-container\">\n\t\t\t\t\t<h2 class=\"elementor-heading-title elementor-size-default\">Lissette Varas Moyano\nSecretaria Ejecutiva.\n<br>\u00c1rea de Proyecto<\/h2>\t\t\t\t<\/div>\n\t\t\t\t<\/div>\n\t\t\t\t<\/div>\n\t\t<div class=\"elementor-element elementor-element-76dff12 e-con-full e-flex e-con e-child\" data-id=\"76dff12\" data-element_type=\"container\" data-e-type=\"container\">\n\t\t\t\t<div class=\"elementor-element elementor-element-c90871c elementor-widget elementor-widget-image\" data-id=\"c90871c\" data-element_type=\"widget\" data-e-type=\"widget\" data-widget_type=\"image.default\">\n\t\t\t\t<div class=\"elementor-widget-container\">\n\t\t\t\t\t\t\t\t\t\t\t\t\t\t\t<img loading=\"lazy\" decoding=\"async\" width=\"519\" height=\"519\" src=\"https:\/\/www.codar.cl\/index\/wp-content\/uploads\/2023\/10\/ingeniero-2.jpeg\" class=\"attachment-large size-large wp-image-7983\" alt=\"\" srcset=\"https:\/\/www.codar.cl\/index\/wp-content\/uploads\/2023\/10\/ingeniero-2.jpeg 519w, https:\/\/www.codar.cl\/index\/wp-content\/uploads\/2023\/10\/ingeniero-2-300x300.jpeg 300w, https:\/\/www.codar.cl\/index\/wp-content\/uploads\/2023\/10\/ingeniero-2-150x150.jpeg 150w, https:\/\/www.codar.cl\/index\/wp-content\/uploads\/2023\/10\/ingeniero-2-170x170.jpeg 170w, https:\/\/www.codar.cl\/index\/wp-content\/uploads\/2023\/10\/ingeniero-2-370x370.jpeg 370w, https:\/\/www.codar.cl\/index\/wp-content\/uploads\/2023\/10\/ingeniero-2-440x440.jpeg 440w\" sizes=\"(max-width: 474px) 100vw, 474px\" \/>\t\t\t\t\t\t\t\t\t\t\t\t\t\t\t<\/div>\n\t\t\t\t<\/div>\n\t\t\t\t<div class=\"elementor-element elementor-element-b7e8ef1 elementor-widget elementor-widget-heading\" data-id=\"b7e8ef1\" data-element_type=\"widget\" data-e-type=\"widget\" data-widget_type=\"heading.default\">\n\t\t\t\t<div class=\"elementor-widget-container\">\n\t\t\t\t\t<h2 class=\"elementor-heading-title elementor-size-default\">Rodrigo Allimant Godoy\nIngeniero Asesor Alcantarillado<\/h2>\t\t\t\t<\/div>\n\t\t\t\t<\/div>\n\t\t\t\t<\/div>\n\t\t\t\t\t<\/div>\n\t\t\t\t<\/div>\n\t\t\t\t<\/div>\n\t\t","protected":false},"excerpt":{"rendered":"<p>Directorio Oscar de La Maza Mu\u00f1oz Presidente \u00c1lvaro Gonz\u00e1lez Reyes Vicepresidente Juan Carlos Duguid Padilla Secretario Eugenio Riveros Tiemann Tesorero Carlo Flores Ruis Director Equipo de Trabajo Alejandra Rioseco Ventura Gerente de Asuntos Comunitarios Marcela Cademartori Gamboa Comunicaciones y Relaciones P\u00fablicas M\u00f3nica Olivares G. Secretaria Ejecutiva. \u00c1rea Administrativa Lissette Varas Moyano Secretaria Ejecutiva. \u00c1rea de [&hellip;]<\/p>\n","protected":false},"author":1,"featured_media":0,"parent":0,"menu_order":0,"comment_status":"closed","ping_status":"closed","template":"","meta":{"footnotes":""},"class_list":["post-9966","page","type-page","status-publish","hentry"],"rttpg_featured_image_url":null,"rttpg_author":{"display_name":"Codar","author_link":"https:\/\/www.codar.cl\/index\/author\/borrar\/"},"rttpg_comment":0,"rttpg_category":null,"rttpg_excerpt":"Directorio Oscar de La Maza Mu\u00f1oz Presidente \u00c1lvaro Gonz\u00e1lez Reyes Vicepresidente Juan Carlos Duguid Padilla Secretario Eugenio Riveros Tiemann Tesorero Carlo Flores Ruis Director Equipo de Trabajo Alejandra Rioseco Ventura Gerente de Asuntos Comunitarios Marcela Cademartori Gamboa Comunicaciones y Relaciones P\u00fablicas M\u00f3nica Olivares G. Secretaria Ejecutiva. \u00c1rea Administrativa Lissette Varas Moyano Secretaria Ejecutiva. \u00c1rea de&hellip;","_links":{"self":[{"href":"https:\/\/www.codar.cl\/index\/wp-json\/wp\/v2\/pages\/9966","targetHints":{"allow":["GET"]}}],"collection":[{"href":"https:\/\/www.codar.cl\/index\/wp-json\/wp\/v2\/pages"}],"about":[{"href":"https:\/\/www.codar.cl\/index\/wp-json\/wp\/v2\/types\/page"}],"author":[{"embeddable":true,"href":"https:\/\/www.codar.cl\/index\/wp-json\/wp\/v2\/users\/1"}],"replies":[{"embeddable":true,"href":"https:\/\/www.codar.cl\/index\/wp-json\/wp\/v2\/comments?post=9966"}],"version-history":[{"count":7,"href":"https:\/\/www.codar.cl\/index\/wp-json\/wp\/v2\/pages\/9966\/revisions"}],"predecessor-version":[{"id":9975,"href":"https:\/\/www.codar.cl\/index\/wp-json\/wp\/v2\/pages\/9966\/revisions\/9975"}],"wp:attachment":[{"href":"https:\/\/www.codar.cl\/index\/wp-json\/wp\/v2\/media?parent=9966"}],"curies":[{"name":"wp","href":"https:\/\/api.w.org\/{rel}","templated":true}]}}